{"id":869,"date":"2023-12-03T07:37:00","date_gmt":"2023-12-03T06:37:00","guid":{"rendered":"https:\/\/biofertilizantesperu.com\/site\/?page_id=869"},"modified":"2025-08-07T16:43:55","modified_gmt":"2025-08-07T14:43:55","slug":"bioactivador-plantas-macetas-flores","status":"publish","type":"page","link":"https:\/\/biofertilizantesperu.com\/site\/biohuertos-jardines\/bioactivador-plantas-macetas-flores\/","title":{"rendered":"BIOACTIVADOR PARA PLANTAS EN MACETAS Y FLORES"},"content":{"rendered":"<div id=\"pl-869\"  class=\"panel-layout\" ><div id=\"pg-869-0\"  class=\"panel-grid panel-has-style\" ><div class=\"siteorigin-panels-stretch panel-row-style panel-row-style-for-869-0\" data-stretch-type=\"full-width-stretch\" ><div id=\"pgc-869-0-0\"  class=\"panel-grid-cell\" ><div id=\"panel-869-0-0-0\" class=\"so-panel widget widget_sow-hero panel-first-child panel-last-child\" data-index=\"0\" ><div\n\t\t\t\n\t\t\tclass=\"so-widget-sow-hero so-widget-sow-hero-default-54da08f565da-869 so-widget-fittext-wrapper\"\n\t\t\t data-fit-text-compressor=\"0.85\"\n\t\t>\t\t\t\t<div class=\"sow-slider-base\" style=\"display: none\" tabindex=\"0\">\n\t\t\t\t\t<ul\n\t\t\t\t\tclass=\"sow-slider-images\"\n\t\t\t\t\tdata-settings=\"{&quot;pagination&quot;:true,&quot;speed&quot;:800,&quot;timeout&quot;:8000,&quot;paused&quot;:false,&quot;pause_on_hover&quot;:false,&quot;swipe&quot;:true,&quot;nav_always_show_desktop&quot;:&quot;&quot;,&quot;nav_always_show_mobile&quot;:&quot;&quot;,&quot;breakpoint&quot;:&quot;780px&quot;,&quot;unmute&quot;:false,&quot;anchor&quot;:null}\"\n\t\t\t\t\tstyle=\"min-height: 400px\"\t\t\t\t\tdata-anchor-id=\"\"\n\t\t\t\t>\t\t<li class=\"sow-slider-image  sow-slider-image-cover\" style=\"visibility: visible;;background-color: #333333;background-image: url(https:\/\/biofertilizantesperu.com\/site\/wp-content\/uploads\/2025\/08\/garden-pagetop.jpg)\" >\n\t\t\t\t\t<div class=\"sow-slider-image-container\">\n\t\t\t<div class=\"sow-slider-image-wrapper\">\n\t\t\t\t<h2 style=\"text-align: center\"><span style=\"color: #008000\">BIOACTIVADOR PARA PLANTAS EN MACETAS Y FLORES<\/span><\/h2>\n\t\t\t<\/div>\n\t\t<\/div>\n\t\t\t\t<\/li>\n\t\t<\/ul>\t\t\t\t<ol class=\"sow-slider-pagination\">\n\t\t\t\t\t\t\t\t\t\t\t<li><a href=\"#\" data-goto=\"0\" aria-label=\"mostrar diapositiva 1\"><\/a><\/li>\n\t\t\t\t\t\t\t\t\t<\/ol>\n\n\t\t\t\t<div class=\"sow-slide-nav sow-slide-nav-next\">\n\t\t\t\t\t<a href=\"#\" data-goto=\"next\" aria-label=\"diapositiva siguiente\" data-action=\"next\">\n\t\t\t\t\t\t<em class=\"sow-sld-icon-thin-right\"><\/em>\n\t\t\t\t\t<\/a>\n\t\t\t\t<\/div>\n\n\t\t\t\t<div class=\"sow-slide-nav sow-slide-nav-prev\">\n\t\t\t\t\t<a href=\"#\" data-goto=\"previous\" aria-label=\"diapositiva anterior\" data-action=\"prev\">\n\t\t\t\t\t\t<em class=\"sow-sld-icon-thin-left\"><\/em>\n\t\t\t\t\t<\/a>\n\t\t\t\t<\/div>\n\t\t\t\t<\/div><\/div><\/div><\/div><\/div><\/div><div id=\"pg-869-1\"  class=\"panel-grid panel-has-style\" ><div class=\"siteorigin-panels-stretch panel-row-style panel-row-style-for-869-1\" data-stretch-type=\"full\" ><div id=\"pgc-869-1-0\"  class=\"panel-grid-cell\" ><div id=\"panel-869-1-0-0\" class=\"so-panel widget widget_sow-image panel-first-child panel-last-child\" data-index=\"1\" ><div\n\t\t\t\n\t\t\tclass=\"so-widget-sow-image so-widget-sow-image-default-8b5b6f678277-869\"\n\t\t\t\n\t\t>\n<div class=\"sow-image-container\">\n\t\t<img \n\tsrc=\"https:\/\/biofertilizantesperu.com\/site\/wp-content\/uploads\/2025\/08\/NUTRY-COLOR-1-121x300.jpg\" width=\"121\" height=\"300\" srcset=\"https:\/\/biofertilizantesperu.com\/site\/wp-content\/uploads\/2025\/08\/NUTRY-COLOR-1-121x300.jpg 121w, https:\/\/biofertilizantesperu.com\/site\/wp-content\/uploads\/2025\/08\/NUTRY-COLOR-1-411x1024.jpg 411w, https:\/\/biofertilizantesperu.com\/site\/wp-content\/uploads\/2025\/08\/NUTRY-COLOR-1-768x1912.jpg 768w, https:\/\/biofertilizantesperu.com\/site\/wp-content\/uploads\/2025\/08\/NUTRY-COLOR-1-617x1536.jpg 617w, https:\/\/biofertilizantesperu.com\/site\/wp-content\/uploads\/2025\/08\/NUTRY-COLOR-1-823x2048.jpg 823w, https:\/\/biofertilizantesperu.com\/site\/wp-content\/uploads\/2025\/08\/NUTRY-COLOR-1-scaled.jpg 1028w\" sizes=\"(max-width: 121px) 100vw, 121px\" title=\"NUTRY-COLOR\" alt=\"\" \t\tclass=\"so-widget-image\"\/>\n\t<\/div>\n\n<\/div><\/div><\/div><div id=\"pgc-869-1-1\"  class=\"panel-grid-cell\" ><div id=\"panel-869-1-1-0\" class=\"so-panel widget widget_sow-editor panel-first-child\" data-index=\"2\" ><div\n\t\t\t\n\t\t\tclass=\"so-widget-sow-editor so-widget-sow-editor-base\"\n\t\t\t\n\t\t>\n<div class=\"siteorigin-widget-tinymce textwidget\">\n\t<h2><span style=\"color: #008000;\"><strong>NUTRYCOLOR<\/strong><\/span><\/h2>\n<p>Bioactivador especialmente dise\u00f1ado para la nutrici\u00f3n de plantas ornamentales.<\/p>\n<p>Promueve la floraci\u00f3n concentrada, mejorando el tama\u00f1o, duraci\u00f3n, con m\u00e1xima expresi\u00f3n de colores en flores, frutos y \u00a0hojas.<\/p>\n<p>Efectivo bionutriente en plantas interiores de alta sensibilidad como las orqu\u00eddeas, violeta africana, helechos, hortensias, anturios, as\u00ed como en plantas de exterior y floricultura.<\/p>\n<\/div>\n<\/div><\/div><div id=\"panel-869-1-1-1\" class=\"so-panel widget widget_sow-editor panel-last-child\" data-index=\"3\" ><div\n\t\t\t\n\t\t\tclass=\"so-widget-sow-editor so-widget-sow-editor-base\"\n\t\t\t\n\t\t>\n<div class=\"siteorigin-widget-tinymce textwidget\">\n\t<p><a href=\"https:\/\/biofertilizantesperu.com\/site\/wp-content\/uploads\/2025\/08\/NUTRY-COLOR.pdf\" target=\"_blank\" rel=\"noopener noreferrer\"><img loading=\"lazy\" decoding=\"async\" class=\"alignnone wp-image-612 size-full\" src=\"https:\/\/biofertilizantesperu.com\/site\/wp-content\/uploads\/2023\/11\/ficha-tecnica.png\" alt=\"\" width=\"179\" height=\"51\" \/><\/a> <a href=\"https:\/\/wa.me\/51924017348\" target=\"_blank\" rel=\"noopener noreferrer\"><img loading=\"lazy\" decoding=\"async\" class=\"alignnone size-full wp-image-613\" src=\"https:\/\/biofertilizantesperu.com\/site\/wp-content\/uploads\/2023\/11\/mas-informacion.png\" alt=\"\" width=\"202\" height=\"51\" \/><\/a><\/p>\n<\/div>\n<\/div><\/div><\/div><div id=\"pgc-869-1-2\"  class=\"panel-grid-cell\" ><div id=\"panel-869-1-2-0\" class=\"so-panel widget widget_sow-image panel-first-child panel-last-child\" data-index=\"4\" ><div\n\t\t\t\n\t\t\tclass=\"so-widget-sow-image so-widget-sow-image-default-8b5b6f678277-869\"\n\t\t\t\n\t\t>\n<div class=\"sow-image-container\">\n\t\t<img \n\tsrc=\"https:\/\/biofertilizantesperu.com\/site\/wp-content\/uploads\/2025\/08\/NUTRYCOLOR-beneficios-300x300.jpg\" width=\"300\" height=\"300\" srcset=\"https:\/\/biofertilizantesperu.com\/site\/wp-content\/uploads\/2025\/08\/NUTRYCOLOR-beneficios-300x300.jpg 300w, https:\/\/biofertilizantesperu.com\/site\/wp-content\/uploads\/2025\/08\/NUTRYCOLOR-beneficios-1024x1024.jpg 1024w, https:\/\/biofertilizantesperu.com\/site\/wp-content\/uploads\/2025\/08\/NUTRYCOLOR-beneficios-150x150.jpg 150w, https:\/\/biofertilizantesperu.com\/site\/wp-content\/uploads\/2025\/08\/NUTRYCOLOR-beneficios-768x768.jpg 768w, https:\/\/biofertilizantesperu.com\/site\/wp-content\/uploads\/2025\/08\/NUTRYCOLOR-beneficios.jpg 1080w\" sizes=\"(max-width: 300px) 100vw, 300px\" alt=\"\" \t\tclass=\"so-widget-image\"\/>\n\t<\/div>\n\n<\/div><\/div><\/div><\/div><\/div><div id=\"pg-869-2\"  class=\"panel-grid panel-has-style\" ><div class=\"siteorigin-panels-stretch panel-row-style panel-row-style-for-869-2\" data-stretch-type=\"full\" ><div id=\"pgc-869-2-0\"  class=\"panel-grid-cell panel-grid-cell-empty\" ><\/div><div id=\"pgc-869-2-1\"  class=\"panel-grid-cell panel-grid-cell-empty panel-grid-cell-mobile-last\" ><\/div><div id=\"pgc-869-2-2\"  class=\"panel-grid-cell panel-grid-cell-empty\" ><\/div><\/div><\/div><\/div>","protected":false},"excerpt":{"rendered":"<p>NUTRYCOLOR Bioactivador especialmente dise\u00f1ado para la nutrici\u00f3n de plantas ornamentales. Promueve la floraci\u00f3n concentrada, mejorando el tama\u00f1o, duraci\u00f3n, con m\u00e1xima expresi\u00f3n de colores en flores, frutos y \u00a0hojas. Efectivo bionutriente &#8230;<\/p>\n","protected":false},"author":1,"featured_media":0,"parent":808,"menu_order":0,"comment_status":"closed","ping_status":"closed","template":"","meta":{"footnotes":""},"class_list":["post-869","page","type-page","status-publish","hentry"],"yoast_head":"<!-- This site is optimized with the Yoast SEO plugin v25.7 - https:\/\/yoast.com\/wordpress\/plugins\/seo\/ -->\n<title>BIOACTIVADOR PARA PLANTAS EN MACETAS Y FLORES - Ecocampo Representaciones S.A.C.<\/title>\n<meta name=\"robots\" content=\"index, follow, max-snippet:-1, max-image-preview:large, max-video-preview:-1\" \/>\n<link rel=\"canonical\" href=\"https:\/\/biofertilizantesperu.com\/site\/biohuertos-jardines\/bioactivador-plantas-macetas-flores\/\" \/>\n<meta property=\"og:locale\" content=\"es_ES\" \/>\n<meta property=\"og:type\" content=\"article\" \/>\n<meta property=\"og:title\" content=\"BIOACTIVADOR PARA PLANTAS EN MACETAS Y FLORES - Ecocampo Representaciones S.A.C.\" \/>\n<meta property=\"og:description\" content=\"NUTRYCOLOR Bioactivador especialmente dise\u00f1ado para la nutrici\u00f3n de plantas ornamentales. Promueve la floraci\u00f3n concentrada, mejorando el tama\u00f1o, duraci\u00f3n, con m\u00e1xima expresi\u00f3n de colores en flores, frutos y \u00a0hojas. Efectivo bionutriente ...\" \/>\n<meta property=\"og:url\" content=\"https:\/\/biofertilizantesperu.com\/site\/biohuertos-jardines\/bioactivador-plantas-macetas-flores\/\" \/>\n<meta property=\"og:site_name\" content=\"Ecocampo Representaciones S.A.C.\" \/>\n<meta property=\"article:modified_time\" content=\"2025-08-07T14:43:55+00:00\" \/>\n<meta property=\"og:image\" content=\"https:\/\/biofertilizantesperu.com\/site\/wp-content\/uploads\/2023\/11\/ficha-tecnica.png\" \/>\n<meta name=\"twitter:card\" content=\"summary_large_image\" \/>\n<meta name=\"twitter:label1\" content=\"Tiempo de lectura\" \/>\n\t<meta name=\"twitter:data1\" content=\"2 minutos\" \/>\n<script type=\"application\/ld+json\" class=\"yoast-schema-graph\">{\"@context\":\"https:\/\/schema.org\",\"@graph\":[{\"@type\":\"WebPage\",\"@id\":\"https:\/\/biofertilizantesperu.com\/site\/biohuertos-jardines\/bioactivador-plantas-macetas-flores\/\",\"url\":\"https:\/\/biofertilizantesperu.com\/site\/biohuertos-jardines\/bioactivador-plantas-macetas-flores\/\",\"name\":\"BIOACTIVADOR PARA PLANTAS EN MACETAS Y FLORES - Ecocampo Representaciones S.A.C.\",\"isPartOf\":{\"@id\":\"https:\/\/biofertilizantesperu.com\/site\/#website\"},\"primaryImageOfPage\":{\"@id\":\"https:\/\/biofertilizantesperu.com\/site\/biohuertos-jardines\/bioactivador-plantas-macetas-flores\/#primaryimage\"},\"image\":{\"@id\":\"https:\/\/biofertilizantesperu.com\/site\/biohuertos-jardines\/bioactivador-plantas-macetas-flores\/#primaryimage\"},\"thumbnailUrl\":\"https:\/\/biofertilizantesperu.com\/site\/wp-content\/uploads\/2023\/11\/ficha-tecnica.png\",\"datePublished\":\"2023-12-03T06:37:00+00:00\",\"dateModified\":\"2025-08-07T14:43:55+00:00\",\"breadcrumb\":{\"@id\":\"https:\/\/biofertilizantesperu.com\/site\/biohuertos-jardines\/bioactivador-plantas-macetas-flores\/#breadcrumb\"},\"inLanguage\":\"es\",\"potentialAction\":[{\"@type\":\"ReadAction\",\"target\":[\"https:\/\/biofertilizantesperu.com\/site\/biohuertos-jardines\/bioactivador-plantas-macetas-flores\/\"]}]},{\"@type\":\"ImageObject\",\"inLanguage\":\"es\",\"@id\":\"https:\/\/biofertilizantesperu.com\/site\/biohuertos-jardines\/bioactivador-plantas-macetas-flores\/#primaryimage\",\"url\":\"https:\/\/biofertilizantesperu.com\/site\/wp-content\/uploads\/2023\/11\/ficha-tecnica.png\",\"contentUrl\":\"https:\/\/biofertilizantesperu.com\/site\/wp-content\/uploads\/2023\/11\/ficha-tecnica.png\",\"width\":179,\"height\":51},{\"@type\":\"BreadcrumbList\",\"@id\":\"https:\/\/biofertilizantesperu.com\/site\/biohuertos-jardines\/bioactivador-plantas-macetas-flores\/#breadcrumb\",\"itemListElement\":[{\"@type\":\"ListItem\",\"position\":1,\"name\":\"Portada\",\"item\":\"https:\/\/biofertilizantesperu.com\/site\/\"},{\"@type\":\"ListItem\",\"position\":2,\"name\":\"BIOHUERTOS Y JARDINES\",\"item\":\"https:\/\/biofertilizantesperu.com\/site\/biohuertos-jardines\/\"},{\"@type\":\"ListItem\",\"position\":3,\"name\":\"BIOACTIVADOR PARA PLANTAS EN MACETAS Y FLORES\"}]},{\"@type\":\"WebSite\",\"@id\":\"https:\/\/biofertilizantesperu.com\/site\/#website\",\"url\":\"https:\/\/biofertilizantesperu.com\/site\/\",\"name\":\"Ecocampo Representaciones S.A.C.\",\"description\":\"producci\u00f3n y comercializaci\u00f3n de insumos para el sector agr\u00edcola con certificaci\u00f3n org\u00e1nica\",\"publisher\":{\"@id\":\"https:\/\/biofertilizantesperu.com\/site\/#organization\"},\"potentialAction\":[{\"@type\":\"SearchAction\",\"target\":{\"@type\":\"EntryPoint\",\"urlTemplate\":\"https:\/\/biofertilizantesperu.com\/site\/?s={search_term_string}\"},\"query-input\":{\"@type\":\"PropertyValueSpecification\",\"valueRequired\":true,\"valueName\":\"search_term_string\"}}],\"inLanguage\":\"es\"},{\"@type\":\"Organization\",\"@id\":\"https:\/\/biofertilizantesperu.com\/site\/#organization\",\"name\":\"Ecocampo Representaciones S.A.C.\",\"url\":\"https:\/\/biofertilizantesperu.com\/site\/\",\"logo\":{\"@type\":\"ImageObject\",\"inLanguage\":\"es\",\"@id\":\"https:\/\/biofertilizantesperu.com\/site\/#\/schema\/logo\/image\/\",\"url\":\"https:\/\/biofertilizantesperu.com\/site\/wp-content\/uploads\/2023\/11\/BIOFERTILIZANTESPERU.jpg\",\"contentUrl\":\"https:\/\/biofertilizantesperu.com\/site\/wp-content\/uploads\/2023\/11\/BIOFERTILIZANTESPERU.jpg\",\"width\":717,\"height\":327,\"caption\":\"Ecocampo Representaciones S.A.C.\"},\"image\":{\"@id\":\"https:\/\/biofertilizantesperu.com\/site\/#\/schema\/logo\/image\/\"}}]}<\/script>\n<!-- \/ Yoast SEO plugin. -->","yoast_head_json":{"title":"BIOACTIVADOR PARA PLANTAS EN MACETAS Y FLORES - Ecocampo Representaciones S.A.C.","robots":{"index":"index","follow":"follow","max-snippet":"max-snippet:-1","max-image-preview":"max-image-preview:large","max-video-preview":"max-video-preview:-1"},"canonical":"https:\/\/biofertilizantesperu.com\/site\/biohuertos-jardines\/bioactivador-plantas-macetas-flores\/","og_locale":"es_ES","og_type":"article","og_title":"BIOACTIVADOR PARA PLANTAS EN MACETAS Y FLORES - Ecocampo Representaciones S.A.C.","og_description":"NUTRYCOLOR Bioactivador especialmente dise\u00f1ado para la nutrici\u00f3n de plantas ornamentales. Promueve la floraci\u00f3n concentrada, mejorando el tama\u00f1o, duraci\u00f3n, con m\u00e1xima expresi\u00f3n de colores en flores, frutos y \u00a0hojas. Efectivo bionutriente ...","og_url":"https:\/\/biofertilizantesperu.com\/site\/biohuertos-jardines\/bioactivador-plantas-macetas-flores\/","og_site_name":"Ecocampo Representaciones S.A.C.","article_modified_time":"2025-08-07T14:43:55+00:00","og_image":[{"url":"https:\/\/biofertilizantesperu.com\/site\/wp-content\/uploads\/2023\/11\/ficha-tecnica.png","type":"","width":"","height":""}],"twitter_card":"summary_large_image","twitter_misc":{"Tiempo de lectura":"2 minutos"},"schema":{"@context":"https:\/\/schema.org","@graph":[{"@type":"WebPage","@id":"https:\/\/biofertilizantesperu.com\/site\/biohuertos-jardines\/bioactivador-plantas-macetas-flores\/","url":"https:\/\/biofertilizantesperu.com\/site\/biohuertos-jardines\/bioactivador-plantas-macetas-flores\/","name":"BIOACTIVADOR PARA PLANTAS EN MACETAS Y FLORES - Ecocampo Representaciones S.A.C.","isPartOf":{"@id":"https:\/\/biofertilizantesperu.com\/site\/#website"},"primaryImageOfPage":{"@id":"https:\/\/biofertilizantesperu.com\/site\/biohuertos-jardines\/bioactivador-plantas-macetas-flores\/#primaryimage"},"image":{"@id":"https:\/\/biofertilizantesperu.com\/site\/biohuertos-jardines\/bioactivador-plantas-macetas-flores\/#primaryimage"},"thumbnailUrl":"https:\/\/biofertilizantesperu.com\/site\/wp-content\/uploads\/2023\/11\/ficha-tecnica.png","datePublished":"2023-12-03T06:37:00+00:00","dateModified":"2025-08-07T14:43:55+00:00","breadcrumb":{"@id":"https:\/\/biofertilizantesperu.com\/site\/biohuertos-jardines\/bioactivador-plantas-macetas-flores\/#breadcrumb"},"inLanguage":"es","potentialAction":[{"@type":"ReadAction","target":["https:\/\/biofertilizantesperu.com\/site\/biohuertos-jardines\/bioactivador-plantas-macetas-flores\/"]}]},{"@type":"ImageObject","inLanguage":"es","@id":"https:\/\/biofertilizantesperu.com\/site\/biohuertos-jardines\/bioactivador-plantas-macetas-flores\/#primaryimage","url":"https:\/\/biofertilizantesperu.com\/site\/wp-content\/uploads\/2023\/11\/ficha-tecnica.png","contentUrl":"https:\/\/biofertilizantesperu.com\/site\/wp-content\/uploads\/2023\/11\/ficha-tecnica.png","width":179,"height":51},{"@type":"BreadcrumbList","@id":"https:\/\/biofertilizantesperu.com\/site\/biohuertos-jardines\/bioactivador-plantas-macetas-flores\/#breadcrumb","itemListElement":[{"@type":"ListItem","position":1,"name":"Portada","item":"https:\/\/biofertilizantesperu.com\/site\/"},{"@type":"ListItem","position":2,"name":"BIOHUERTOS Y JARDINES","item":"https:\/\/biofertilizantesperu.com\/site\/biohuertos-jardines\/"},{"@type":"ListItem","position":3,"name":"BIOACTIVADOR PARA PLANTAS EN MACETAS Y FLORES"}]},{"@type":"WebSite","@id":"https:\/\/biofertilizantesperu.com\/site\/#website","url":"https:\/\/biofertilizantesperu.com\/site\/","name":"Ecocampo Representaciones S.A.C.","description":"producci\u00f3n y comercializaci\u00f3n de insumos para el sector agr\u00edcola con certificaci\u00f3n org\u00e1nica","publisher":{"@id":"https:\/\/biofertilizantesperu.com\/site\/#organization"},"potentialAction":[{"@type":"SearchAction","target":{"@type":"EntryPoint","urlTemplate":"https:\/\/biofertilizantesperu.com\/site\/?s={search_term_string}"},"query-input":{"@type":"PropertyValueSpecification","valueRequired":true,"valueName":"search_term_string"}}],"inLanguage":"es"},{"@type":"Organization","@id":"https:\/\/biofertilizantesperu.com\/site\/#organization","name":"Ecocampo Representaciones S.A.C.","url":"https:\/\/biofertilizantesperu.com\/site\/","logo":{"@type":"ImageObject","inLanguage":"es","@id":"https:\/\/biofertilizantesperu.com\/site\/#\/schema\/logo\/image\/","url":"https:\/\/biofertilizantesperu.com\/site\/wp-content\/uploads\/2023\/11\/BIOFERTILIZANTESPERU.jpg","contentUrl":"https:\/\/biofertilizantesperu.com\/site\/wp-content\/uploads\/2023\/11\/BIOFERTILIZANTESPERU.jpg","width":717,"height":327,"caption":"Ecocampo Representaciones S.A.C."},"image":{"@id":"https:\/\/biofertilizantesperu.com\/site\/#\/schema\/logo\/image\/"}}]}},"_links":{"self":[{"href":"https:\/\/biofertilizantesperu.com\/site\/wp-json\/wp\/v2\/pages\/869","targetHints":{"allow":["GET"]}}],"collection":[{"href":"https:\/\/biofertilizantesperu.com\/site\/wp-json\/wp\/v2\/pages"}],"about":[{"href":"https:\/\/biofertilizantesperu.com\/site\/wp-json\/wp\/v2\/types\/page"}],"author":[{"embeddable":true,"href":"https:\/\/biofertilizantesperu.com\/site\/wp-json\/wp\/v2\/users\/1"}],"replies":[{"embeddable":true,"href":"https:\/\/biofertilizantesperu.com\/site\/wp-json\/wp\/v2\/comments?post=869"}],"version-history":[{"count":11,"href":"https:\/\/biofertilizantesperu.com\/site\/wp-json\/wp\/v2\/pages\/869\/revisions"}],"predecessor-version":[{"id":1158,"href":"https:\/\/biofertilizantesperu.com\/site\/wp-json\/wp\/v2\/pages\/869\/revisions\/1158"}],"up":[{"embeddable":true,"href":"https:\/\/biofertilizantesperu.com\/site\/wp-json\/wp\/v2\/pages\/808"}],"wp:attachment":[{"href":"https:\/\/biofertilizantesperu.com\/site\/wp-json\/wp\/v2\/media?parent=869"}],"curies":[{"name":"wp","href":"https:\/\/api.w.org\/{rel}","templated":true}]}}