{"id":808,"date":"2023-12-03T06:41:10","date_gmt":"2023-12-03T05:41:10","guid":{"rendered":"https:\/\/biofertilizantesperu.com\/site\/?page_id=808"},"modified":"2025-08-13T19:47:57","modified_gmt":"2025-08-13T17:47:57","slug":"biohuertos-jardines","status":"publish","type":"page","link":"https:\/\/biofertilizantesperu.com\/site\/biohuertos-jardines\/","title":{"rendered":"BIOHUERTOS Y JARDINES"},"content":{"rendered":"<div id=\"pl-808\"  class=\"panel-layout\" ><div id=\"pg-808-0\"  class=\"panel-grid panel-has-style\" ><div class=\"siteorigin-panels-stretch panel-row-style panel-row-style-for-808-0\" data-stretch-type=\"full-width-stretch\" ><div id=\"pgc-808-0-0\"  class=\"panel-grid-cell\" ><div id=\"panel-808-0-0-0\" class=\"so-panel widget widget_sow-hero panel-first-child panel-last-child\" data-index=\"0\" ><div\n\t\t\t\n\t\t\tclass=\"so-widget-sow-hero so-widget-sow-hero-default-c0a96b6229f4-808 so-widget-fittext-wrapper\"\n\t\t\t data-fit-text-compressor=\"0.85\"\n\t\t>\t\t\t\t<div class=\"sow-slider-base\" style=\"display: none\" tabindex=\"0\">\n\t\t\t\t\t<ul\n\t\t\t\t\tclass=\"sow-slider-images\"\n\t\t\t\t\tdata-settings=\"{&quot;pagination&quot;:true,&quot;speed&quot;:800,&quot;timeout&quot;:8000,&quot;paused&quot;:false,&quot;pause_on_hover&quot;:false,&quot;swipe&quot;:true,&quot;nav_always_show_desktop&quot;:&quot;&quot;,&quot;nav_always_show_mobile&quot;:&quot;&quot;,&quot;breakpoint&quot;:&quot;780px&quot;,&quot;unmute&quot;:false,&quot;anchor&quot;:null}\"\n\t\t\t\t\tstyle=\"min-height: 400px\"\t\t\t\t\tdata-anchor-id=\"\"\n\t\t\t\t>\t\t<li class=\"sow-slider-image  sow-slider-image-cover\" style=\"visibility: visible;;background-color: #333333;background-image: url(https:\/\/biofertilizantesperu.com\/site\/wp-content\/uploads\/2025\/08\/linea-garden.jpg)\" >\n\t\t\t\t\t<div class=\"sow-slider-image-container\">\n\t\t\t<div class=\"sow-slider-image-wrapper\">\n\t\t\t\t<h2 class=\"widget-title\" style=\"text-align: center\"><span style=\"color: #008000\">BIOHUERTOS Y JARDINES<\/span><\/h2>\n\t\t\t<\/div>\n\t\t<\/div>\n\t\t\t\t<\/li>\n\t\t<\/ul>\t\t\t\t<ol class=\"sow-slider-pagination\">\n\t\t\t\t\t\t\t\t\t\t\t<li><a href=\"#\" data-goto=\"0\" aria-label=\"mostrar diapositiva 1\"><\/a><\/li>\n\t\t\t\t\t\t\t\t\t<\/ol>\n\n\t\t\t\t<div class=\"sow-slide-nav sow-slide-nav-next\">\n\t\t\t\t\t<a href=\"#\" data-goto=\"next\" aria-label=\"diapositiva siguiente\" data-action=\"next\">\n\t\t\t\t\t\t<em class=\"sow-sld-icon-thin-right\"><\/em>\n\t\t\t\t\t<\/a>\n\t\t\t\t<\/div>\n\n\t\t\t\t<div class=\"sow-slide-nav sow-slide-nav-prev\">\n\t\t\t\t\t<a href=\"#\" data-goto=\"previous\" aria-label=\"diapositiva anterior\" data-action=\"prev\">\n\t\t\t\t\t\t<em class=\"sow-sld-icon-thin-left\"><\/em>\n\t\t\t\t\t<\/a>\n\t\t\t\t<\/div>\n\t\t\t\t<\/div><\/div><\/div><\/div><\/div><\/div><div id=\"pg-808-1\"  class=\"panel-grid panel-has-style\" ><div class=\"siteorigin-panels-stretch panel-row-style panel-row-style-for-808-1\" data-stretch-type=\"full\" ><div id=\"pgc-808-1-0\"  class=\"panel-grid-cell\" ><div id=\"panel-808-1-0-0\" class=\"so-panel widget widget_sow-image panel-first-child panel-last-child\" data-index=\"1\" ><div\n\t\t\t\n\t\t\tclass=\"so-widget-sow-image so-widget-sow-image-default-8b5b6f678277-808\"\n\t\t\t\n\t\t>\n<div class=\"sow-image-container\">\n\t\t\t<a href=\"https:\/\/biofertilizantesperu.com\/site\/biohuertos-jardines\/bioactivador-huertos-jardines\/\"\n\t\t\t\t\t>\n\t\t\t<img \n\tsrc=\"https:\/\/biofertilizantesperu.com\/site\/wp-content\/uploads\/2025\/08\/biohuertos-jardines-001.jpg\" width=\"940\" height=\"788\" srcset=\"https:\/\/biofertilizantesperu.com\/site\/wp-content\/uploads\/2025\/08\/biohuertos-jardines-001.jpg 940w, https:\/\/biofertilizantesperu.com\/site\/wp-content\/uploads\/2025\/08\/biohuertos-jardines-001-300x251.jpg 300w, https:\/\/biofertilizantesperu.com\/site\/wp-content\/uploads\/2025\/08\/biohuertos-jardines-001-768x644.jpg 768w\" sizes=\"(max-width: 940px) 100vw, 940px\" alt=\"\" \t\tclass=\"so-widget-image\"\/>\n\t\t\t<\/a><\/div>\n\n<\/div><\/div><\/div><div id=\"pgc-808-1-1\"  class=\"panel-grid-cell\" ><div id=\"panel-808-1-1-0\" class=\"so-panel widget widget_sow-image panel-first-child panel-last-child\" data-index=\"2\" ><div\n\t\t\t\n\t\t\tclass=\"so-widget-sow-image so-widget-sow-image-default-8b5b6f678277-808\"\n\t\t\t\n\t\t>\n<div class=\"sow-image-container\">\n\t\t\t<a href=\"https:\/\/biofertilizantesperu.com\/site\/biohuertos-jardines\/bioactivador-plantas-macetas-flores\/\"\n\t\t\t\t\t>\n\t\t\t<img \n\tsrc=\"https:\/\/biofertilizantesperu.com\/site\/wp-content\/uploads\/2025\/08\/biohuertos-jardines-002.jpg\" width=\"940\" height=\"788\" srcset=\"https:\/\/biofertilizantesperu.com\/site\/wp-content\/uploads\/2025\/08\/biohuertos-jardines-002.jpg 940w, https:\/\/biofertilizantesperu.com\/site\/wp-content\/uploads\/2025\/08\/biohuertos-jardines-002-300x251.jpg 300w, https:\/\/biofertilizantesperu.com\/site\/wp-content\/uploads\/2025\/08\/biohuertos-jardines-002-768x644.jpg 768w\" sizes=\"(max-width: 940px) 100vw, 940px\" alt=\"\" \t\tclass=\"so-widget-image\"\/>\n\t\t\t<\/a><\/div>\n\n<\/div><\/div><\/div><div id=\"pgc-808-1-2\"  class=\"panel-grid-cell\" ><div id=\"panel-808-1-2-0\" class=\"so-panel widget widget_sow-image panel-first-child panel-last-child\" data-index=\"3\" ><div\n\t\t\t\n\t\t\tclass=\"so-widget-sow-image so-widget-sow-image-default-8b5b6f678277-808\"\n\t\t\t\n\t\t>\n<div class=\"sow-image-container\">\n\t\t\t<a href=\"https:\/\/biofertilizantesperu.com\/site\/biohuertos-jardines\/bioprotectantes-garden\/\"\n\t\t\t\t\t>\n\t\t\t<img \n\tsrc=\"https:\/\/biofertilizantesperu.com\/site\/wp-content\/uploads\/2025\/08\/biohuertos-jardines-0003.jpg\" width=\"940\" height=\"788\" srcset=\"https:\/\/biofertilizantesperu.com\/site\/wp-content\/uploads\/2025\/08\/biohuertos-jardines-0003.jpg 940w, https:\/\/biofertilizantesperu.com\/site\/wp-content\/uploads\/2025\/08\/biohuertos-jardines-0003-300x251.jpg 300w, https:\/\/biofertilizantesperu.com\/site\/wp-content\/uploads\/2025\/08\/biohuertos-jardines-0003-768x644.jpg 768w\" sizes=\"(max-width: 940px) 100vw, 940px\" alt=\"\" \t\tclass=\"so-widget-image\"\/>\n\t\t\t<\/a><\/div>\n\n<\/div><\/div><\/div><\/div><\/div><div id=\"pg-808-2\"  class=\"panel-grid panel-has-style\" ><div class=\"siteorigin-panels-stretch panel-row-style panel-row-style-for-808-2\" data-stretch-type=\"full\" ><div id=\"pgc-808-2-0\"  class=\"panel-grid-cell\" ><div id=\"panel-808-2-0-0\" class=\"so-panel widget widget_sow-image panel-first-child panel-last-child\" data-index=\"4\" ><div\n\t\t\t\n\t\t\tclass=\"so-widget-sow-image so-widget-sow-image-default-8b5b6f678277-808\"\n\t\t\t\n\t\t>\n<div class=\"sow-image-container\">\n\t\t\t<a href=\"https:\/\/biofertilizantesperu.com\/site\/biohuertos-jardines\/bioactivador-plantas-acidofilas\/\"\n\t\t\t\t\t>\n\t\t\t<img \n\tsrc=\"https:\/\/biofertilizantesperu.com\/site\/wp-content\/uploads\/2025\/08\/biohuertos-jardines-004.jpg\" width=\"940\" height=\"788\" srcset=\"https:\/\/biofertilizantesperu.com\/site\/wp-content\/uploads\/2025\/08\/biohuertos-jardines-004.jpg 940w, https:\/\/biofertilizantesperu.com\/site\/wp-content\/uploads\/2025\/08\/biohuertos-jardines-004-300x251.jpg 300w, https:\/\/biofertilizantesperu.com\/site\/wp-content\/uploads\/2025\/08\/biohuertos-jardines-004-768x644.jpg 768w\" sizes=\"(max-width: 940px) 100vw, 940px\" alt=\"\" \t\tclass=\"so-widget-image\"\/>\n\t\t\t<\/a><\/div>\n\n<\/div><\/div><\/div><div id=\"pgc-808-2-1\"  class=\"panel-grid-cell\" ><div id=\"panel-808-2-1-0\" class=\"so-panel widget widget_sow-image panel-first-child panel-last-child\" data-index=\"5\" ><div\n\t\t\t\n\t\t\tclass=\"so-widget-sow-image so-widget-sow-image-default-8b5b6f678277-808\"\n\t\t\t\n\t\t>\n<div class=\"sow-image-container\">\n\t\t\t<a href=\"https:\/\/biofertilizantesperu.com\/site\/biohuertos-jardines\/bioactivador-enraizamiento\/\"\n\t\t\t\t\t>\n\t\t\t<img \n\tsrc=\"https:\/\/biofertilizantesperu.com\/site\/wp-content\/uploads\/2025\/08\/biohuertos-jardines-005.jpg\" width=\"940\" height=\"788\" srcset=\"https:\/\/biofertilizantesperu.com\/site\/wp-content\/uploads\/2025\/08\/biohuertos-jardines-005.jpg 940w, https:\/\/biofertilizantesperu.com\/site\/wp-content\/uploads\/2025\/08\/biohuertos-jardines-005-300x251.jpg 300w, https:\/\/biofertilizantesperu.com\/site\/wp-content\/uploads\/2025\/08\/biohuertos-jardines-005-768x644.jpg 768w\" sizes=\"(max-width: 940px) 100vw, 940px\" alt=\"\" \t\tclass=\"so-widget-image\"\/>\n\t\t\t<\/a><\/div>\n\n<\/div><\/div><\/div><div id=\"pgc-808-2-2\"  class=\"panel-grid-cell\" ><div id=\"panel-808-2-2-0\" class=\"so-panel widget widget_sow-image panel-first-child panel-last-child\" data-index=\"6\" ><div\n\t\t\t\n\t\t\tclass=\"so-widget-sow-image so-widget-sow-image-default-8b5b6f678277-808\"\n\t\t\t\n\t\t>\n<div class=\"sow-image-container\">\n\t\t\t<a href=\"https:\/\/biofertilizantesperu.com\/site\/biohuertos-jardines\/bioactivador-revitalizante-cesped\/\"\n\t\t\t\t\t>\n\t\t\t<img \n\tsrc=\"https:\/\/biofertilizantesperu.com\/site\/wp-content\/uploads\/2025\/08\/biohuertos-jardines-006.jpg\" width=\"940\" height=\"788\" srcset=\"https:\/\/biofertilizantesperu.com\/site\/wp-content\/uploads\/2025\/08\/biohuertos-jardines-006.jpg 940w, https:\/\/biofertilizantesperu.com\/site\/wp-content\/uploads\/2025\/08\/biohuertos-jardines-006-300x251.jpg 300w, https:\/\/biofertilizantesperu.com\/site\/wp-content\/uploads\/2025\/08\/biohuertos-jardines-006-768x644.jpg 768w\" sizes=\"(max-width: 940px) 100vw, 940px\" alt=\"\" \t\tclass=\"so-widget-image\"\/>\n\t\t\t<\/a><\/div>\n\n<\/div><\/div><\/div><\/div><\/div><div id=\"pg-808-3\"  class=\"panel-grid panel-has-style\" ><div class=\"siteorigin-panels-stretch panel-row-style panel-row-style-for-808-3\" data-stretch-type=\"full\" ><div id=\"pgc-808-3-0\"  class=\"panel-grid-cell panel-grid-cell-empty\" ><\/div><\/div><\/div><\/div>","protected":false},"excerpt":{"rendered":"<p>BIOHUERTOS Y JARDINES<\/p>\n","protected":false},"author":1,"featured_media":0,"parent":0,"menu_order":0,"comment_status":"closed","ping_status":"closed","template":"","meta":{"footnotes":""},"class_list":["post-808","page","type-page","status-publish","hentry"],"yoast_head":"<!-- This site is optimized with the Yoast SEO plugin v25.7 - https:\/\/yoast.com\/wordpress\/plugins\/seo\/ -->\n<title>BIOHUERTOS Y JARDINES - Ecocampo Representaciones S.A.C.<\/title>\n<meta name=\"robots\" content=\"index, follow, max-snippet:-1, max-image-preview:large, max-video-preview:-1\" \/>\n<link rel=\"canonical\" href=\"https:\/\/biofertilizantesperu.com\/site\/biohuertos-jardines\/\" \/>\n<meta property=\"og:locale\" content=\"es_ES\" \/>\n<meta property=\"og:type\" content=\"article\" \/>\n<meta property=\"og:title\" content=\"BIOHUERTOS Y JARDINES - Ecocampo Representaciones S.A.C.\" \/>\n<meta property=\"og:description\" content=\"BIOHUERTOS Y JARDINES\" \/>\n<meta property=\"og:url\" content=\"https:\/\/biofertilizantesperu.com\/site\/biohuertos-jardines\/\" \/>\n<meta property=\"og:site_name\" content=\"Ecocampo Representaciones S.A.C.\" \/>\n<meta property=\"article:modified_time\" content=\"2025-08-13T17:47:57+00:00\" \/>\n<meta name=\"twitter:card\" content=\"summary_large_image\" \/>\n<meta name=\"twitter:label1\" content=\"Tiempo de lectura\" \/>\n\t<meta name=\"twitter:data1\" content=\"2 minutos\" \/>\n<script type=\"application\/ld+json\" class=\"yoast-schema-graph\">{\"@context\":\"https:\/\/schema.org\",\"@graph\":[{\"@type\":\"WebPage\",\"@id\":\"https:\/\/biofertilizantesperu.com\/site\/biohuertos-jardines\/\",\"url\":\"https:\/\/biofertilizantesperu.com\/site\/biohuertos-jardines\/\",\"name\":\"BIOHUERTOS Y JARDINES - Ecocampo Representaciones S.A.C.\",\"isPartOf\":{\"@id\":\"https:\/\/biofertilizantesperu.com\/site\/#website\"},\"datePublished\":\"2023-12-03T05:41:10+00:00\",\"dateModified\":\"2025-08-13T17:47:57+00:00\",\"breadcrumb\":{\"@id\":\"https:\/\/biofertilizantesperu.com\/site\/biohuertos-jardines\/#breadcrumb\"},\"inLanguage\":\"es\",\"potentialAction\":[{\"@type\":\"ReadAction\",\"target\":[\"https:\/\/biofertilizantesperu.com\/site\/biohuertos-jardines\/\"]}]},{\"@type\":\"BreadcrumbList\",\"@id\":\"https:\/\/biofertilizantesperu.com\/site\/biohuertos-jardines\/#breadcrumb\",\"itemListElement\":[{\"@type\":\"ListItem\",\"position\":1,\"name\":\"Portada\",\"item\":\"https:\/\/biofertilizantesperu.com\/site\/\"},{\"@type\":\"ListItem\",\"position\":2,\"name\":\"BIOHUERTOS Y JARDINES\"}]},{\"@type\":\"WebSite\",\"@id\":\"https:\/\/biofertilizantesperu.com\/site\/#website\",\"url\":\"https:\/\/biofertilizantesperu.com\/site\/\",\"name\":\"Ecocampo Representaciones S.A.C.\",\"description\":\"producci\u00f3n y comercializaci\u00f3n de insumos para el sector agr\u00edcola con certificaci\u00f3n org\u00e1nica\",\"publisher\":{\"@id\":\"https:\/\/biofertilizantesperu.com\/site\/#organization\"},\"potentialAction\":[{\"@type\":\"SearchAction\",\"target\":{\"@type\":\"EntryPoint\",\"urlTemplate\":\"https:\/\/biofertilizantesperu.com\/site\/?s={search_term_string}\"},\"query-input\":{\"@type\":\"PropertyValueSpecification\",\"valueRequired\":true,\"valueName\":\"search_term_string\"}}],\"inLanguage\":\"es\"},{\"@type\":\"Organization\",\"@id\":\"https:\/\/biofertilizantesperu.com\/site\/#organization\",\"name\":\"Ecocampo Representaciones S.A.C.\",\"url\":\"https:\/\/biofertilizantesperu.com\/site\/\",\"logo\":{\"@type\":\"ImageObject\",\"inLanguage\":\"es\",\"@id\":\"https:\/\/biofertilizantesperu.com\/site\/#\/schema\/logo\/image\/\",\"url\":\"https:\/\/biofertilizantesperu.com\/site\/wp-content\/uploads\/2023\/11\/BIOFERTILIZANTESPERU.jpg\",\"contentUrl\":\"https:\/\/biofertilizantesperu.com\/site\/wp-content\/uploads\/2023\/11\/BIOFERTILIZANTESPERU.jpg\",\"width\":717,\"height\":327,\"caption\":\"Ecocampo Representaciones S.A.C.\"},\"image\":{\"@id\":\"https:\/\/biofertilizantesperu.com\/site\/#\/schema\/logo\/image\/\"}}]}<\/script>\n<!-- \/ Yoast SEO plugin. -->","yoast_head_json":{"title":"BIOHUERTOS Y JARDINES - Ecocampo Representaciones S.A.C.","robots":{"index":"index","follow":"follow","max-snippet":"max-snippet:-1","max-image-preview":"max-image-preview:large","max-video-preview":"max-video-preview:-1"},"canonical":"https:\/\/biofertilizantesperu.com\/site\/biohuertos-jardines\/","og_locale":"es_ES","og_type":"article","og_title":"BIOHUERTOS Y JARDINES - Ecocampo Representaciones S.A.C.","og_description":"BIOHUERTOS Y JARDINES","og_url":"https:\/\/biofertilizantesperu.com\/site\/biohuertos-jardines\/","og_site_name":"Ecocampo Representaciones S.A.C.","article_modified_time":"2025-08-13T17:47:57+00:00","twitter_card":"summary_large_image","twitter_misc":{"Tiempo de lectura":"2 minutos"},"schema":{"@context":"https:\/\/schema.org","@graph":[{"@type":"WebPage","@id":"https:\/\/biofertilizantesperu.com\/site\/biohuertos-jardines\/","url":"https:\/\/biofertilizantesperu.com\/site\/biohuertos-jardines\/","name":"BIOHUERTOS Y JARDINES - Ecocampo Representaciones S.A.C.","isPartOf":{"@id":"https:\/\/biofertilizantesperu.com\/site\/#website"},"datePublished":"2023-12-03T05:41:10+00:00","dateModified":"2025-08-13T17:47:57+00:00","breadcrumb":{"@id":"https:\/\/biofertilizantesperu.com\/site\/biohuertos-jardines\/#breadcrumb"},"inLanguage":"es","potentialAction":[{"@type":"ReadAction","target":["https:\/\/biofertilizantesperu.com\/site\/biohuertos-jardines\/"]}]},{"@type":"BreadcrumbList","@id":"https:\/\/biofertilizantesperu.com\/site\/biohuertos-jardines\/#breadcrumb","itemListElement":[{"@type":"ListItem","position":1,"name":"Portada","item":"https:\/\/biofertilizantesperu.com\/site\/"},{"@type":"ListItem","position":2,"name":"BIOHUERTOS Y JARDINES"}]},{"@type":"WebSite","@id":"https:\/\/biofertilizantesperu.com\/site\/#website","url":"https:\/\/biofertilizantesperu.com\/site\/","name":"Ecocampo Representaciones S.A.C.","description":"producci\u00f3n y comercializaci\u00f3n de insumos para el sector agr\u00edcola con certificaci\u00f3n org\u00e1nica","publisher":{"@id":"https:\/\/biofertilizantesperu.com\/site\/#organization"},"potentialAction":[{"@type":"SearchAction","target":{"@type":"EntryPoint","urlTemplate":"https:\/\/biofertilizantesperu.com\/site\/?s={search_term_string}"},"query-input":{"@type":"PropertyValueSpecification","valueRequired":true,"valueName":"search_term_string"}}],"inLanguage":"es"},{"@type":"Organization","@id":"https:\/\/biofertilizantesperu.com\/site\/#organization","name":"Ecocampo Representaciones S.A.C.","url":"https:\/\/biofertilizantesperu.com\/site\/","logo":{"@type":"ImageObject","inLanguage":"es","@id":"https:\/\/biofertilizantesperu.com\/site\/#\/schema\/logo\/image\/","url":"https:\/\/biofertilizantesperu.com\/site\/wp-content\/uploads\/2023\/11\/BIOFERTILIZANTESPERU.jpg","contentUrl":"https:\/\/biofertilizantesperu.com\/site\/wp-content\/uploads\/2023\/11\/BIOFERTILIZANTESPERU.jpg","width":717,"height":327,"caption":"Ecocampo Representaciones S.A.C."},"image":{"@id":"https:\/\/biofertilizantesperu.com\/site\/#\/schema\/logo\/image\/"}}]}},"_links":{"self":[{"href":"https:\/\/biofertilizantesperu.com\/site\/wp-json\/wp\/v2\/pages\/808","targetHints":{"allow":["GET"]}}],"collection":[{"href":"https:\/\/biofertilizantesperu.com\/site\/wp-json\/wp\/v2\/pages"}],"about":[{"href":"https:\/\/biofertilizantesperu.com\/site\/wp-json\/wp\/v2\/types\/page"}],"author":[{"embeddable":true,"href":"https:\/\/biofertilizantesperu.com\/site\/wp-json\/wp\/v2\/users\/1"}],"replies":[{"embeddable":true,"href":"https:\/\/biofertilizantesperu.com\/site\/wp-json\/wp\/v2\/comments?post=808"}],"version-history":[{"count":22,"href":"https:\/\/biofertilizantesperu.com\/site\/wp-json\/wp\/v2\/pages\/808\/revisions"}],"predecessor-version":[{"id":1203,"href":"https:\/\/biofertilizantesperu.com\/site\/wp-json\/wp\/v2\/pages\/808\/revisions\/1203"}],"wp:attachment":[{"href":"https:\/\/biofertilizantesperu.com\/site\/wp-json\/wp\/v2\/media?parent=808"}],"curies":[{"name":"wp","href":"https:\/\/api.w.org\/{rel}","templated":true}]}}