{"id":634,"date":"2023-11-04T21:48:02","date_gmt":"2023-11-04T20:48:02","guid":{"rendered":"https:\/\/biofertilizantesperu.com\/site\/?page_id=634"},"modified":"2025-08-07T16:32:31","modified_gmt":"2025-08-07T14:32:31","slug":"microorganismos-beneficos","status":"publish","type":"page","link":"https:\/\/biofertilizantesperu.com\/site\/agricultura\/microorganismos-beneficos\/","title":{"rendered":"MICROORGANISMOS BENEFICOS"},"content":{"rendered":"<div id=\"pl-634\"  class=\"panel-layout\" ><div id=\"pg-634-0\"  class=\"panel-grid panel-has-style\" ><div class=\"siteorigin-panels-stretch panel-row-style panel-row-style-for-634-0\" data-stretch-type=\"full-width-stretch\" ><div id=\"pgc-634-0-0\"  class=\"panel-grid-cell\" ><div id=\"panel-634-0-0-0\" class=\"so-panel widget widget_sow-hero panel-first-child panel-last-child\" data-index=\"0\" ><div\n\t\t\t\n\t\t\tclass=\"so-widget-sow-hero so-widget-sow-hero-default-1a7ce44ec57e-634 so-widget-fittext-wrapper\"\n\t\t\t data-fit-text-compressor=\"0.85\"\n\t\t>\t\t\t\t<div class=\"sow-slider-base\" style=\"display: none\" tabindex=\"0\">\n\t\t\t\t\t<ul\n\t\t\t\t\tclass=\"sow-slider-images\"\n\t\t\t\t\tdata-settings=\"{&quot;pagination&quot;:true,&quot;speed&quot;:800,&quot;timeout&quot;:8000,&quot;paused&quot;:false,&quot;pause_on_hover&quot;:false,&quot;swipe&quot;:true,&quot;nav_always_show_desktop&quot;:&quot;&quot;,&quot;nav_always_show_mobile&quot;:&quot;&quot;,&quot;breakpoint&quot;:&quot;780px&quot;,&quot;unmute&quot;:false,&quot;anchor&quot;:null}\"\n\t\t\t\t\tstyle=\"min-height: 400px\"\t\t\t\t\tdata-anchor-id=\"\"\n\t\t\t\t>\t\t<li class=\"sow-slider-image  sow-slider-image-cover\" style=\"visibility: visible;;background-color: #333333;background-image: url(https:\/\/biofertilizantesperu.com\/site\/wp-content\/uploads\/2025\/08\/microorganismos-beneficos.jpg)\" >\n\t\t\t\t\t<div class=\"sow-slider-image-container\">\n\t\t\t<div class=\"sow-slider-image-wrapper\">\n\t\t\t\t<h2 style=\"text-align: center\"><span style=\"color: #008000\">MICROORGANISMOS BENEFICOS<\/span><\/h2>\n\t\t\t<\/div>\n\t\t<\/div>\n\t\t\t\t<\/li>\n\t\t<\/ul>\t\t\t\t<ol class=\"sow-slider-pagination\">\n\t\t\t\t\t\t\t\t\t\t\t<li><a href=\"#\" data-goto=\"0\" aria-label=\"mostrar diapositiva 1\"><\/a><\/li>\n\t\t\t\t\t\t\t\t\t<\/ol>\n\n\t\t\t\t<div class=\"sow-slide-nav sow-slide-nav-next\">\n\t\t\t\t\t<a href=\"#\" data-goto=\"next\" aria-label=\"diapositiva siguiente\" data-action=\"next\">\n\t\t\t\t\t\t<em class=\"sow-sld-icon-thin-right\"><\/em>\n\t\t\t\t\t<\/a>\n\t\t\t\t<\/div>\n\n\t\t\t\t<div class=\"sow-slide-nav sow-slide-nav-prev\">\n\t\t\t\t\t<a href=\"#\" data-goto=\"previous\" aria-label=\"diapositiva anterior\" data-action=\"prev\">\n\t\t\t\t\t\t<em class=\"sow-sld-icon-thin-left\"><\/em>\n\t\t\t\t\t<\/a>\n\t\t\t\t<\/div>\n\t\t\t\t<\/div><\/div><\/div><\/div><\/div><\/div><div id=\"pg-634-1\"  class=\"panel-grid panel-has-style\" ><div class=\"siteorigin-panels-stretch panel-row-style panel-row-style-for-634-1\" data-stretch-type=\"full\" ><div id=\"pgc-634-1-0\"  class=\"panel-grid-cell\" ><div id=\"panel-634-1-0-0\" class=\"so-panel widget widget_sow-image panel-first-child panel-last-child\" data-index=\"1\" ><div\n\t\t\t\n\t\t\tclass=\"so-widget-sow-image so-widget-sow-image-default-8b5b6f678277-634\"\n\t\t\t\n\t\t>\n<div class=\"sow-image-container\">\n\t\t<img \n\tsrc=\"https:\/\/biofertilizantesperu.com\/site\/wp-content\/uploads\/2025\/08\/ECOVIDA-121x300.jpg\" width=\"121\" height=\"300\" srcset=\"https:\/\/biofertilizantesperu.com\/site\/wp-content\/uploads\/2025\/08\/ECOVIDA-121x300.jpg 121w, https:\/\/biofertilizantesperu.com\/site\/wp-content\/uploads\/2025\/08\/ECOVIDA-411x1024.jpg 411w, https:\/\/biofertilizantesperu.com\/site\/wp-content\/uploads\/2025\/08\/ECOVIDA-768x1912.jpg 768w, https:\/\/biofertilizantesperu.com\/site\/wp-content\/uploads\/2025\/08\/ECOVIDA-617x1536.jpg 617w, https:\/\/biofertilizantesperu.com\/site\/wp-content\/uploads\/2025\/08\/ECOVIDA-823x2048.jpg 823w, https:\/\/biofertilizantesperu.com\/site\/wp-content\/uploads\/2025\/08\/ECOVIDA-scaled.jpg 1028w\" sizes=\"(max-width: 121px) 100vw, 121px\" title=\"ECOVIDA\" alt=\"\" \t\tclass=\"so-widget-image\"\/>\n\t<\/div>\n\n<\/div><\/div><\/div><div id=\"pgc-634-1-1\"  class=\"panel-grid-cell\" ><div id=\"panel-634-1-1-0\" class=\"so-panel widget widget_sow-editor panel-first-child\" data-index=\"2\" ><div\n\t\t\t\n\t\t\tclass=\"so-widget-sow-editor so-widget-sow-editor-base\"\n\t\t\t\n\t\t>\n<div class=\"siteorigin-widget-tinymce textwidget\">\n\t<h2><span style=\"color: #008000;\"><strong>ECOVIDA LACTODEFENSE<sup>\u00ae<\/sup><\/strong><\/span><\/h2>\n<p>Consorcio de bacterias \u00e1cido l\u00e1cticas no transg\u00e9nico promueve la fermentaci\u00f3n de materia org\u00e1nica, solubiliza sales, favoreciendo disponibilidad de los nutrientes del suelo.<\/p>\n<p>Contiene adem\u00e1s sustancias nutritivas como vitaminas, macro, micro elementos y factores de crecimiento para los cultivos.<\/p>\n<\/div>\n<\/div><\/div><div id=\"panel-634-1-1-1\" class=\"so-panel widget widget_sow-editor panel-last-child\" data-index=\"3\" ><div\n\t\t\t\n\t\t\tclass=\"so-widget-sow-editor so-widget-sow-editor-base\"\n\t\t\t\n\t\t>\n<div class=\"siteorigin-widget-tinymce textwidget\">\n\t<p><a href=\"https:\/\/biofertilizantesperu.com\/site\/wp-content\/uploads\/2025\/08\/ECOVIDA-LACTODEFENSE.pdf\" target=\"_blank\" rel=\"noopener noreferrer\"><img loading=\"lazy\" decoding=\"async\" class=\"alignnone wp-image-612 size-full\" src=\"https:\/\/biofertilizantesperu.com\/site\/wp-content\/uploads\/2023\/11\/ficha-tecnica.png\" alt=\"\" width=\"179\" height=\"51\" \/><\/a><a href=\"https:\/\/wa.me\/51924017348\" target=\"_blank\" rel=\"noopener noreferrer\"><img loading=\"lazy\" decoding=\"async\" class=\"alignnone size-full wp-image-613\" src=\"https:\/\/biofertilizantesperu.com\/site\/wp-content\/uploads\/2023\/11\/mas-informacion.png\" alt=\"\" width=\"202\" height=\"51\" \/><\/a><\/p>\n<\/div>\n<\/div><\/div><\/div><div id=\"pgc-634-1-2\"  class=\"panel-grid-cell\" ><div id=\"panel-634-1-2-0\" class=\"so-panel widget widget_sow-image panel-first-child panel-last-child\" data-index=\"4\" ><div\n\t\t\t\n\t\t\tclass=\"so-widget-sow-image so-widget-sow-image-default-8b5b6f678277-634\"\n\t\t\t\n\t\t>\n<div class=\"sow-image-container\">\n\t\t<img \n\tsrc=\"https:\/\/biofertilizantesperu.com\/site\/wp-content\/uploads\/2025\/08\/ECOVIDA-beneficios-300x300.jpg\" width=\"300\" height=\"300\" srcset=\"https:\/\/biofertilizantesperu.com\/site\/wp-content\/uploads\/2025\/08\/ECOVIDA-beneficios-300x300.jpg 300w, https:\/\/biofertilizantesperu.com\/site\/wp-content\/uploads\/2025\/08\/ECOVIDA-beneficios-150x150.jpg 150w, https:\/\/biofertilizantesperu.com\/site\/wp-content\/uploads\/2025\/08\/ECOVIDA-beneficios.jpg 567w\" sizes=\"(max-width: 300px) 100vw, 300px\" alt=\"\" \t\tclass=\"so-widget-image\"\/>\n\t<\/div>\n\n<\/div><\/div><\/div><\/div><\/div><div id=\"pg-634-2\"  class=\"panel-grid panel-has-style\" ><div class=\"siteorigin-panels-stretch panel-row-style panel-row-style-for-634-2\" data-stretch-type=\"full\" ><div id=\"pgc-634-2-0\"  class=\"panel-grid-cell\" ><div id=\"panel-634-2-0-0\" class=\"so-panel widget widget_sow-image panel-first-child panel-last-child\" data-index=\"5\" ><div\n\t\t\t\n\t\t\tclass=\"so-widget-sow-image so-widget-sow-image-default-8b5b6f678277-634\"\n\t\t\t\n\t\t>\n<div class=\"sow-image-container\">\n\t\t<img \n\tsrc=\"https:\/\/biofertilizantesperu.com\/site\/wp-content\/uploads\/2025\/08\/LACTO-FULL-121x300.jpg\" width=\"121\" height=\"300\" srcset=\"https:\/\/biofertilizantesperu.com\/site\/wp-content\/uploads\/2025\/08\/LACTO-FULL-121x300.jpg 121w, https:\/\/biofertilizantesperu.com\/site\/wp-content\/uploads\/2025\/08\/LACTO-FULL-411x1024.jpg 411w, https:\/\/biofertilizantesperu.com\/site\/wp-content\/uploads\/2025\/08\/LACTO-FULL-768x1912.jpg 768w, https:\/\/biofertilizantesperu.com\/site\/wp-content\/uploads\/2025\/08\/LACTO-FULL-617x1536.jpg 617w, https:\/\/biofertilizantesperu.com\/site\/wp-content\/uploads\/2025\/08\/LACTO-FULL-823x2048.jpg 823w, https:\/\/biofertilizantesperu.com\/site\/wp-content\/uploads\/2025\/08\/LACTO-FULL-scaled.jpg 1028w\" sizes=\"(max-width: 121px) 100vw, 121px\" title=\"LACTO-FULL\" alt=\"\" \t\tclass=\"so-widget-image\"\/>\n\t<\/div>\n\n<\/div><\/div><\/div><div id=\"pgc-634-2-1\"  class=\"panel-grid-cell\" ><div id=\"panel-634-2-1-0\" class=\"so-panel widget widget_sow-editor panel-first-child\" data-index=\"6\" ><div\n\t\t\t\n\t\t\tclass=\"so-widget-sow-editor so-widget-sow-editor-base\"\n\t\t\t\n\t\t>\n<div class=\"siteorigin-widget-tinymce textwidget\">\n\t<h2><span style=\"color: #008000;\"><strong>LACTOFULL<sup>\u00ae<\/sup><\/strong><\/span><\/h2>\n<p>Consorcio concentrado de microorganismos ben\u00e9ficos eficientes no transg\u00e9nicos con micronutrientes, proporciona m\u00faltiples beneficios: incrementa la eficiencia de aplicaci\u00f3n de fertilizantes, recupera y activa suelos contaminados, solubilizador de sales, descompone residuos org\u00e1nicos, \u00fatil en tratamiento de aguas y lodos residuales.<\/p>\n<p>Brinda factores de crecimiento, que fortalecen la capacidad de generar defensas de las plantas.<\/p>\n<\/div>\n<\/div><\/div><div id=\"panel-634-2-1-1\" class=\"so-panel widget widget_sow-editor panel-last-child\" data-index=\"7\" ><div\n\t\t\t\n\t\t\tclass=\"so-widget-sow-editor so-widget-sow-editor-base\"\n\t\t\t\n\t\t>\n<div class=\"siteorigin-widget-tinymce textwidget\">\n\t<p><a href=\"https:\/\/biofertilizantesperu.com\/site\/wp-content\/uploads\/2025\/08\/LACTOFULL.pdf\" target=\"_blank\" rel=\"noopener noreferrer\"><img loading=\"lazy\" decoding=\"async\" class=\"alignnone wp-image-612 size-full\" src=\"https:\/\/biofertilizantesperu.com\/site\/wp-content\/uploads\/2023\/11\/ficha-tecnica.png\" alt=\"\" width=\"179\" height=\"51\" \/><\/a><a href=\"https:\/\/wa.me\/51924017348\" target=\"_blank\" rel=\"noopener noreferrer\"><img loading=\"lazy\" decoding=\"async\" class=\"alignnone size-full wp-image-613\" src=\"https:\/\/biofertilizantesperu.com\/site\/wp-content\/uploads\/2023\/11\/mas-informacion.png\" alt=\"\" width=\"202\" height=\"51\" \/><\/a><\/p>\n<\/div>\n<\/div><\/div><\/div><div id=\"pgc-634-2-2\"  class=\"panel-grid-cell\" ><div id=\"panel-634-2-2-0\" class=\"so-panel widget widget_sow-image panel-first-child panel-last-child\" data-index=\"8\" ><div\n\t\t\t\n\t\t\tclass=\"so-widget-sow-image so-widget-sow-image-default-8b5b6f678277-634\"\n\t\t\t\n\t\t>\n<div class=\"sow-image-container\">\n\t\t<img \n\tsrc=\"https:\/\/biofertilizantesperu.com\/site\/wp-content\/uploads\/2025\/08\/LACTO-FULL-1-beneficios-300x300.jpg\" width=\"300\" height=\"300\" srcset=\"https:\/\/biofertilizantesperu.com\/site\/wp-content\/uploads\/2025\/08\/LACTO-FULL-1-beneficios-300x300.jpg 300w, https:\/\/biofertilizantesperu.com\/site\/wp-content\/uploads\/2025\/08\/LACTO-FULL-1-beneficios-150x150.jpg 150w, https:\/\/biofertilizantesperu.com\/site\/wp-content\/uploads\/2025\/08\/LACTO-FULL-1-beneficios.jpg 567w\" sizes=\"(max-width: 300px) 100vw, 300px\" alt=\"\" \t\tclass=\"so-widget-image\"\/>\n\t<\/div>\n\n<\/div><\/div><\/div><\/div><\/div><div id=\"pg-634-3\"  class=\"panel-grid panel-has-style\" ><div class=\"siteorigin-panels-stretch panel-row-style panel-row-style-for-634-3\" data-stretch-type=\"full\" ><div id=\"pgc-634-3-0\"  class=\"panel-grid-cell panel-grid-cell-empty\" ><\/div><div id=\"pgc-634-3-1\"  class=\"panel-grid-cell panel-grid-cell-empty panel-grid-cell-mobile-last\" ><\/div><div id=\"pgc-634-3-2\"  class=\"panel-grid-cell panel-grid-cell-empty\" ><\/div><\/div><\/div><\/div>","protected":false},"excerpt":{"rendered":"<p>ECOVIDA LACTODEFENSE\u00ae Consorcio de bacterias \u00e1cido l\u00e1cticas no transg\u00e9nico promueve la fermentaci\u00f3n de materia org\u00e1nica, solubiliza sales, favoreciendo disponibilidad de los nutrientes del suelo. Contiene adem\u00e1s sustancias nutritivas como vitaminas, &#8230;<\/p>\n","protected":false},"author":1,"featured_media":0,"parent":432,"menu_order":0,"comment_status":"closed","ping_status":"closed","template":"","meta":{"footnotes":""},"class_list":["post-634","page","type-page","status-publish","hentry"],"yoast_head":"<!-- This site is optimized with the Yoast SEO plugin v25.7 - https:\/\/yoast.com\/wordpress\/plugins\/seo\/ -->\n<title>MICROORGANISMOS BENEFICOS - Ecocampo Representaciones S.A.C.<\/title>\n<meta name=\"robots\" content=\"index, follow, max-snippet:-1, max-image-preview:large, max-video-preview:-1\" \/>\n<link rel=\"canonical\" href=\"https:\/\/biofertilizantesperu.com\/site\/agricultura\/microorganismos-beneficos\/\" \/>\n<meta property=\"og:locale\" content=\"es_ES\" \/>\n<meta property=\"og:type\" content=\"article\" \/>\n<meta property=\"og:title\" content=\"MICROORGANISMOS BENEFICOS - Ecocampo Representaciones S.A.C.\" \/>\n<meta property=\"og:description\" content=\"ECOVIDA LACTODEFENSE\u00ae Consorcio de bacterias \u00e1cido l\u00e1cticas no transg\u00e9nico promueve la fermentaci\u00f3n de materia org\u00e1nica, solubiliza sales, favoreciendo disponibilidad de los nutrientes del suelo. Contiene adem\u00e1s sustancias nutritivas como vitaminas, ...\" \/>\n<meta property=\"og:url\" content=\"https:\/\/biofertilizantesperu.com\/site\/agricultura\/microorganismos-beneficos\/\" \/>\n<meta property=\"og:site_name\" content=\"Ecocampo Representaciones S.A.C.\" \/>\n<meta property=\"article:modified_time\" content=\"2025-08-07T14:32:31+00:00\" \/>\n<meta property=\"og:image\" content=\"https:\/\/biofertilizantesperu.com\/site\/wp-content\/uploads\/2023\/11\/ficha-tecnica.png\" \/>\n<meta name=\"twitter:card\" content=\"summary_large_image\" \/>\n<meta name=\"twitter:label1\" content=\"Tiempo de lectura\" \/>\n\t<meta name=\"twitter:data1\" content=\"3 minutos\" \/>\n<script type=\"application\/ld+json\" class=\"yoast-schema-graph\">{\"@context\":\"https:\/\/schema.org\",\"@graph\":[{\"@type\":\"WebPage\",\"@id\":\"https:\/\/biofertilizantesperu.com\/site\/agricultura\/microorganismos-beneficos\/\",\"url\":\"https:\/\/biofertilizantesperu.com\/site\/agricultura\/microorganismos-beneficos\/\",\"name\":\"MICROORGANISMOS BENEFICOS - Ecocampo Representaciones S.A.C.\",\"isPartOf\":{\"@id\":\"https:\/\/biofertilizantesperu.com\/site\/#website\"},\"primaryImageOfPage\":{\"@id\":\"https:\/\/biofertilizantesperu.com\/site\/agricultura\/microorganismos-beneficos\/#primaryimage\"},\"image\":{\"@id\":\"https:\/\/biofertilizantesperu.com\/site\/agricultura\/microorganismos-beneficos\/#primaryimage\"},\"thumbnailUrl\":\"https:\/\/biofertilizantesperu.com\/site\/wp-content\/uploads\/2023\/11\/ficha-tecnica.png\",\"datePublished\":\"2023-11-04T20:48:02+00:00\",\"dateModified\":\"2025-08-07T14:32:31+00:00\",\"breadcrumb\":{\"@id\":\"https:\/\/biofertilizantesperu.com\/site\/agricultura\/microorganismos-beneficos\/#breadcrumb\"},\"inLanguage\":\"es\",\"potentialAction\":[{\"@type\":\"ReadAction\",\"target\":[\"https:\/\/biofertilizantesperu.com\/site\/agricultura\/microorganismos-beneficos\/\"]}]},{\"@type\":\"ImageObject\",\"inLanguage\":\"es\",\"@id\":\"https:\/\/biofertilizantesperu.com\/site\/agricultura\/microorganismos-beneficos\/#primaryimage\",\"url\":\"https:\/\/biofertilizantesperu.com\/site\/wp-content\/uploads\/2023\/11\/ficha-tecnica.png\",\"contentUrl\":\"https:\/\/biofertilizantesperu.com\/site\/wp-content\/uploads\/2023\/11\/ficha-tecnica.png\",\"width\":179,\"height\":51},{\"@type\":\"BreadcrumbList\",\"@id\":\"https:\/\/biofertilizantesperu.com\/site\/agricultura\/microorganismos-beneficos\/#breadcrumb\",\"itemListElement\":[{\"@type\":\"ListItem\",\"position\":1,\"name\":\"Portada\",\"item\":\"https:\/\/biofertilizantesperu.com\/site\/\"},{\"@type\":\"ListItem\",\"position\":2,\"name\":\"AGRICULTURA\",\"item\":\"https:\/\/biofertilizantesperu.com\/site\/agricultura\/\"},{\"@type\":\"ListItem\",\"position\":3,\"name\":\"MICROORGANISMOS BENEFICOS\"}]},{\"@type\":\"WebSite\",\"@id\":\"https:\/\/biofertilizantesperu.com\/site\/#website\",\"url\":\"https:\/\/biofertilizantesperu.com\/site\/\",\"name\":\"Ecocampo Representaciones S.A.C.\",\"description\":\"producci\u00f3n y comercializaci\u00f3n de insumos para el sector agr\u00edcola con certificaci\u00f3n org\u00e1nica\",\"publisher\":{\"@id\":\"https:\/\/biofertilizantesperu.com\/site\/#organization\"},\"potentialAction\":[{\"@type\":\"SearchAction\",\"target\":{\"@type\":\"EntryPoint\",\"urlTemplate\":\"https:\/\/biofertilizantesperu.com\/site\/?s={search_term_string}\"},\"query-input\":{\"@type\":\"PropertyValueSpecification\",\"valueRequired\":true,\"valueName\":\"search_term_string\"}}],\"inLanguage\":\"es\"},{\"@type\":\"Organization\",\"@id\":\"https:\/\/biofertilizantesperu.com\/site\/#organization\",\"name\":\"Ecocampo Representaciones S.A.C.\",\"url\":\"https:\/\/biofertilizantesperu.com\/site\/\",\"logo\":{\"@type\":\"ImageObject\",\"inLanguage\":\"es\",\"@id\":\"https:\/\/biofertilizantesperu.com\/site\/#\/schema\/logo\/image\/\",\"url\":\"https:\/\/biofertilizantesperu.com\/site\/wp-content\/uploads\/2023\/11\/BIOFERTILIZANTESPERU.jpg\",\"contentUrl\":\"https:\/\/biofertilizantesperu.com\/site\/wp-content\/uploads\/2023\/11\/BIOFERTILIZANTESPERU.jpg\",\"width\":717,\"height\":327,\"caption\":\"Ecocampo Representaciones S.A.C.\"},\"image\":{\"@id\":\"https:\/\/biofertilizantesperu.com\/site\/#\/schema\/logo\/image\/\"}}]}<\/script>\n<!-- \/ Yoast SEO plugin. -->","yoast_head_json":{"title":"MICROORGANISMOS BENEFICOS - Ecocampo Representaciones S.A.C.","robots":{"index":"index","follow":"follow","max-snippet":"max-snippet:-1","max-image-preview":"max-image-preview:large","max-video-preview":"max-video-preview:-1"},"canonical":"https:\/\/biofertilizantesperu.com\/site\/agricultura\/microorganismos-beneficos\/","og_locale":"es_ES","og_type":"article","og_title":"MICROORGANISMOS BENEFICOS - Ecocampo Representaciones S.A.C.","og_description":"ECOVIDA LACTODEFENSE\u00ae Consorcio de bacterias \u00e1cido l\u00e1cticas no transg\u00e9nico promueve la fermentaci\u00f3n de materia org\u00e1nica, solubiliza sales, favoreciendo disponibilidad de los nutrientes del suelo. Contiene adem\u00e1s sustancias nutritivas como vitaminas, ...","og_url":"https:\/\/biofertilizantesperu.com\/site\/agricultura\/microorganismos-beneficos\/","og_site_name":"Ecocampo Representaciones S.A.C.","article_modified_time":"2025-08-07T14:32:31+00:00","og_image":[{"url":"https:\/\/biofertilizantesperu.com\/site\/wp-content\/uploads\/2023\/11\/ficha-tecnica.png","type":"","width":"","height":""}],"twitter_card":"summary_large_image","twitter_misc":{"Tiempo de lectura":"3 minutos"},"schema":{"@context":"https:\/\/schema.org","@graph":[{"@type":"WebPage","@id":"https:\/\/biofertilizantesperu.com\/site\/agricultura\/microorganismos-beneficos\/","url":"https:\/\/biofertilizantesperu.com\/site\/agricultura\/microorganismos-beneficos\/","name":"MICROORGANISMOS BENEFICOS - Ecocampo Representaciones S.A.C.","isPartOf":{"@id":"https:\/\/biofertilizantesperu.com\/site\/#website"},"primaryImageOfPage":{"@id":"https:\/\/biofertilizantesperu.com\/site\/agricultura\/microorganismos-beneficos\/#primaryimage"},"image":{"@id":"https:\/\/biofertilizantesperu.com\/site\/agricultura\/microorganismos-beneficos\/#primaryimage"},"thumbnailUrl":"https:\/\/biofertilizantesperu.com\/site\/wp-content\/uploads\/2023\/11\/ficha-tecnica.png","datePublished":"2023-11-04T20:48:02+00:00","dateModified":"2025-08-07T14:32:31+00:00","breadcrumb":{"@id":"https:\/\/biofertilizantesperu.com\/site\/agricultura\/microorganismos-beneficos\/#breadcrumb"},"inLanguage":"es","potentialAction":[{"@type":"ReadAction","target":["https:\/\/biofertilizantesperu.com\/site\/agricultura\/microorganismos-beneficos\/"]}]},{"@type":"ImageObject","inLanguage":"es","@id":"https:\/\/biofertilizantesperu.com\/site\/agricultura\/microorganismos-beneficos\/#primaryimage","url":"https:\/\/biofertilizantesperu.com\/site\/wp-content\/uploads\/2023\/11\/ficha-tecnica.png","contentUrl":"https:\/\/biofertilizantesperu.com\/site\/wp-content\/uploads\/2023\/11\/ficha-tecnica.png","width":179,"height":51},{"@type":"BreadcrumbList","@id":"https:\/\/biofertilizantesperu.com\/site\/agricultura\/microorganismos-beneficos\/#breadcrumb","itemListElement":[{"@type":"ListItem","position":1,"name":"Portada","item":"https:\/\/biofertilizantesperu.com\/site\/"},{"@type":"ListItem","position":2,"name":"AGRICULTURA","item":"https:\/\/biofertilizantesperu.com\/site\/agricultura\/"},{"@type":"ListItem","position":3,"name":"MICROORGANISMOS BENEFICOS"}]},{"@type":"WebSite","@id":"https:\/\/biofertilizantesperu.com\/site\/#website","url":"https:\/\/biofertilizantesperu.com\/site\/","name":"Ecocampo Representaciones S.A.C.","description":"producci\u00f3n y comercializaci\u00f3n de insumos para el sector agr\u00edcola con certificaci\u00f3n org\u00e1nica","publisher":{"@id":"https:\/\/biofertilizantesperu.com\/site\/#organization"},"potentialAction":[{"@type":"SearchAction","target":{"@type":"EntryPoint","urlTemplate":"https:\/\/biofertilizantesperu.com\/site\/?s={search_term_string}"},"query-input":{"@type":"PropertyValueSpecification","valueRequired":true,"valueName":"search_term_string"}}],"inLanguage":"es"},{"@type":"Organization","@id":"https:\/\/biofertilizantesperu.com\/site\/#organization","name":"Ecocampo Representaciones S.A.C.","url":"https:\/\/biofertilizantesperu.com\/site\/","logo":{"@type":"ImageObject","inLanguage":"es","@id":"https:\/\/biofertilizantesperu.com\/site\/#\/schema\/logo\/image\/","url":"https:\/\/biofertilizantesperu.com\/site\/wp-content\/uploads\/2023\/11\/BIOFERTILIZANTESPERU.jpg","contentUrl":"https:\/\/biofertilizantesperu.com\/site\/wp-content\/uploads\/2023\/11\/BIOFERTILIZANTESPERU.jpg","width":717,"height":327,"caption":"Ecocampo Representaciones S.A.C."},"image":{"@id":"https:\/\/biofertilizantesperu.com\/site\/#\/schema\/logo\/image\/"}}]}},"_links":{"self":[{"href":"https:\/\/biofertilizantesperu.com\/site\/wp-json\/wp\/v2\/pages\/634","targetHints":{"allow":["GET"]}}],"collection":[{"href":"https:\/\/biofertilizantesperu.com\/site\/wp-json\/wp\/v2\/pages"}],"about":[{"href":"https:\/\/biofertilizantesperu.com\/site\/wp-json\/wp\/v2\/types\/page"}],"author":[{"embeddable":true,"href":"https:\/\/biofertilizantesperu.com\/site\/wp-json\/wp\/v2\/users\/1"}],"replies":[{"embeddable":true,"href":"https:\/\/biofertilizantesperu.com\/site\/wp-json\/wp\/v2\/comments?post=634"}],"version-history":[{"count":21,"href":"https:\/\/biofertilizantesperu.com\/site\/wp-json\/wp\/v2\/pages\/634\/revisions"}],"predecessor-version":[{"id":1143,"href":"https:\/\/biofertilizantesperu.com\/site\/wp-json\/wp\/v2\/pages\/634\/revisions\/1143"}],"up":[{"embeddable":true,"href":"https:\/\/biofertilizantesperu.com\/site\/wp-json\/wp\/v2\/pages\/432"}],"wp:attachment":[{"href":"https:\/\/biofertilizantesperu.com\/site\/wp-json\/wp\/v2\/media?parent=634"}],"curies":[{"name":"wp","href":"https:\/\/api.w.org\/{rel}","templated":true}]}}