{"id":41,"date":"2019-08-27T15:00:45","date_gmt":"2019-08-27T13:00:45","guid":{"rendered":"http:\/\/biofertilizantesperu.com\/site\/?page_id=41"},"modified":"2025-08-07T17:28:42","modified_gmt":"2025-08-07T15:28:42","slug":"quienes-somos","status":"publish","type":"page","link":"https:\/\/biofertilizantesperu.com\/site\/quienes-somos\/","title":{"rendered":"QUIENES SOMOS"},"content":{"rendered":"<div id=\"pl-41\"  class=\"panel-layout\" ><div id=\"pg-41-0\"  class=\"panel-grid panel-has-style\" ><div class=\"siteorigin-panels-stretch panel-row-style panel-row-style-for-41-0\" data-stretch-type=\"full-width-stretch\" ><div id=\"pgc-41-0-0\"  class=\"panel-grid-cell\" ><div id=\"panel-41-0-0-0\" class=\"so-panel widget widget_sow-hero panel-first-child panel-last-child\" data-index=\"0\" ><div\n\t\t\t\n\t\t\tclass=\"so-widget-sow-hero so-widget-sow-hero-default-9110423a49be-41 so-widget-fittext-wrapper\"\n\t\t\t data-fit-text-compressor=\"0.85\"\n\t\t>\t\t\t\t<div class=\"sow-slider-base\" style=\"display: none\" tabindex=\"0\">\n\t\t\t\t\t<ul\n\t\t\t\t\tclass=\"sow-slider-images\"\n\t\t\t\t\tdata-settings=\"{&quot;pagination&quot;:true,&quot;speed&quot;:800,&quot;timeout&quot;:8000,&quot;paused&quot;:false,&quot;pause_on_hover&quot;:false,&quot;swipe&quot;:true,&quot;nav_always_show_desktop&quot;:&quot;&quot;,&quot;nav_always_show_mobile&quot;:&quot;&quot;,&quot;breakpoint&quot;:&quot;780px&quot;,&quot;unmute&quot;:false,&quot;anchor&quot;:null}\"\n\t\t\t\t\tstyle=\"min-height: 400px\"\t\t\t\t\tdata-anchor-id=\"\"\n\t\t\t\t>\t\t<li class=\"sow-slider-image  sow-slider-image-cover\" style=\"visibility: visible;;background-color: #333333\" >\n\t\t\t\t\t<div class=\"sow-slider-image-container\">\n\t\t\t<div class=\"sow-slider-image-wrapper\">\n\t\t\t\t<h1 style=\"text-align: center\">QUIENES SOMOS<\/h1>\n\t\t\t<\/div>\n\t\t<\/div>\n\t\t<div class=\"sow-slider-image-overlay sow-slider-image-cover\" style=\"opacity: 0.5;background-image: url(https:\/\/biofertilizantesperu.com\/site\/wp-content\/uploads\/2025\/08\/pagetop-quienes-somos.jpg)\"  ><\/div>\t\t<\/li>\n\t\t<\/ul>\t\t\t\t<ol class=\"sow-slider-pagination\">\n\t\t\t\t\t\t\t\t\t\t\t<li><a href=\"#\" data-goto=\"0\" aria-label=\"mostrar diapositiva 1\"><\/a><\/li>\n\t\t\t\t\t\t\t\t\t<\/ol>\n\n\t\t\t\t<div class=\"sow-slide-nav sow-slide-nav-next\">\n\t\t\t\t\t<a href=\"#\" data-goto=\"next\" aria-label=\"diapositiva siguiente\" data-action=\"next\">\n\t\t\t\t\t\t<em class=\"sow-sld-icon-thin-right\"><\/em>\n\t\t\t\t\t<\/a>\n\t\t\t\t<\/div>\n\n\t\t\t\t<div class=\"sow-slide-nav sow-slide-nav-prev\">\n\t\t\t\t\t<a href=\"#\" data-goto=\"previous\" aria-label=\"diapositiva anterior\" data-action=\"prev\">\n\t\t\t\t\t\t<em class=\"sow-sld-icon-thin-left\"><\/em>\n\t\t\t\t\t<\/a>\n\t\t\t\t<\/div>\n\t\t\t\t<\/div><\/div><\/div><\/div><\/div><\/div><div id=\"pg-41-1\"  class=\"panel-grid panel-has-style\" ><div class=\"siteorigin-panels-stretch panel-row-style panel-row-style-for-41-1\" data-stretch-type=\"full\" ><div id=\"pgc-41-1-0\"  class=\"panel-grid-cell\" ><div id=\"panel-41-1-0-0\" class=\"so-panel widget widget_sow-editor panel-first-child panel-last-child\" data-index=\"1\" ><div\n\t\t\t\n\t\t\tclass=\"so-widget-sow-editor so-widget-sow-editor-base\"\n\t\t\t\n\t\t>\n<div class=\"siteorigin-widget-tinymce textwidget\">\n\t<p><strong>ECOCAMPO REPRESENTACIONES S.A.C.<\/strong><\/p>\n<p>Somos una empresa s\u00f3lida con amplia experiencia en la producci\u00f3n y comercializaci\u00f3n de insumos ecol\u00f3gicos de origen biol\u00f3gico para la agricultura y valorizaci\u00f3n de residuos, promoviendo y asesorando la producci\u00f3n sostenible, eficiente y en armon\u00eda con el medioambiente.<\/p>\n<p>Estamos comprometidos en brindar insumos a precio justo y eficaces para los cultivos y el suelo que permitan hacer frente al cambio clim\u00e1tico y estr\u00e9s fisiol\u00f3gico, para obtener cosechas libres de residuos t\u00f3xicos, de alta productividad, rentabilidad y calidad<\/p>\n<\/div>\n<\/div><\/div><\/div><div id=\"pgc-41-1-1\"  class=\"panel-grid-cell\" ><div id=\"panel-41-1-1-0\" class=\"so-panel widget widget_sow-image panel-first-child panel-last-child\" data-index=\"2\" ><div\n\t\t\t\n\t\t\tclass=\"so-widget-sow-image so-widget-sow-image-default-8b5b6f678277-41\"\n\t\t\t\n\t\t>\n<div class=\"sow-image-container\">\n\t\t<img \n\tsrc=\"https:\/\/biofertilizantesperu.com\/site\/wp-content\/uploads\/2019\/08\/Anturios-enanos.jpg\" width=\"768\" height=\"576\" srcset=\"https:\/\/biofertilizantesperu.com\/site\/wp-content\/uploads\/2019\/08\/Anturios-enanos.jpg 768w, https:\/\/biofertilizantesperu.com\/site\/wp-content\/uploads\/2019\/08\/Anturios-enanos-300x225.jpg 300w\" sizes=\"(max-width: 768px) 100vw, 768px\" title=\"Anturios enanos\" alt=\"\" \t\tclass=\"so-widget-image\"\/>\n\t<\/div>\n\n<\/div><\/div><\/div><\/div><\/div><div id=\"pg-41-2\"  class=\"panel-grid panel-has-style\" ><div class=\"siteorigin-panels-stretch panel-row-style panel-row-style-for-41-2\" data-stretch-type=\"full\" ><div id=\"pgc-41-2-0\"  class=\"panel-grid-cell\" ><div id=\"panel-41-2-0-0\" class=\"so-panel widget widget_sow-image panel-first-child panel-last-child\" data-index=\"3\" ><div\n\t\t\t\n\t\t\tclass=\"so-widget-sow-image so-widget-sow-image-default-8b5b6f678277-41\"\n\t\t\t\n\t\t>\n<div class=\"sow-image-container\">\n\t\t<img \n\tsrc=\"https:\/\/biofertilizantesperu.com\/site\/wp-content\/uploads\/2019\/08\/Copia-de-enero.jpg\" width=\"865\" height=\"576\" srcset=\"https:\/\/biofertilizantesperu.com\/site\/wp-content\/uploads\/2019\/08\/Copia-de-enero.jpg 865w, https:\/\/biofertilizantesperu.com\/site\/wp-content\/uploads\/2019\/08\/Copia-de-enero-300x200.jpg 300w, https:\/\/biofertilizantesperu.com\/site\/wp-content\/uploads\/2019\/08\/Copia-de-enero-768x511.jpg 768w, https:\/\/biofertilizantesperu.com\/site\/wp-content\/uploads\/2019\/08\/Copia-de-enero-272x182.jpg 272w\" sizes=\"(max-width: 865px) 100vw, 865px\" title=\"Copia de enero\" alt=\"\" \t\tclass=\"so-widget-image\"\/>\n\t<\/div>\n\n<\/div><\/div><\/div><div id=\"pgc-41-2-1\"  class=\"panel-grid-cell\" ><div id=\"panel-41-2-1-0\" class=\"so-panel widget widget_sow-editor panel-first-child panel-last-child\" data-index=\"4\" ><div\n\t\t\t\n\t\t\tclass=\"so-widget-sow-editor so-widget-sow-editor-base\"\n\t\t\t\n\t\t><h3 class=\"widget-title\">OBJETIVO<\/h3>\n<div class=\"siteorigin-widget-tinymce textwidget\">\n\t<p>Promover una agricultura sana y sostenible brindando alternativas apropiadas para la agricultura, produciendo y comercializando insumos como biofertilizantes,\u00a0 Bioprotectantes y controladores biol\u00f3gicos con certificaci\u00f3n org\u00e1nica orientados a la nutrici\u00f3n vegetal que garanticen buenas cosechas.<\/p>\n<\/div>\n<\/div><\/div><\/div><\/div><\/div><div id=\"pg-41-3\"  class=\"panel-grid panel-has-style\" ><div class=\"siteorigin-panels-stretch panel-row-style panel-row-style-for-41-3\" data-stretch-type=\"full\" ><div id=\"pgc-41-3-0\"  class=\"panel-grid-cell\" ><div id=\"panel-41-3-0-0\" class=\"so-panel widget widget_sow-editor panel-first-child panel-last-child\" data-index=\"5\" ><div\n\t\t\t\n\t\t\tclass=\"so-widget-sow-editor so-widget-sow-editor-base\"\n\t\t\t\n\t\t><h3 class=\"widget-title\">MISI\u00d3N<\/h3>\n<div class=\"siteorigin-widget-tinymce textwidget\">\n\t<p>Contribuir con alternativas de soluci\u00f3n sostenible para el sector agr\u00edcola produciendo y comercializando insumos ecol\u00f3gicos de alta calidad, promoviendo la innovaci\u00f3n tecnol\u00f3gica y el respeto del medio ambiente.<\/p>\n<\/div>\n<\/div><\/div><\/div><div id=\"pgc-41-3-1\"  class=\"panel-grid-cell\" ><div id=\"panel-41-3-1-0\" class=\"so-panel widget widget_sow-editor panel-first-child panel-last-child\" data-index=\"6\" ><div\n\t\t\t\n\t\t\tclass=\"so-widget-sow-editor so-widget-sow-editor-base\"\n\t\t\t\n\t\t><h3 class=\"widget-title\">VISI\u00d3N<\/h3>\n<div class=\"siteorigin-widget-tinymce textwidget\">\n\t<p>Ser una empresa reconocida en la producci\u00f3n y comercializaci\u00f3n de insumos ecol\u00f3gicos para la satisfacci\u00f3n de nuestros clientes, por su tecnolog\u00eda, calidad y respeto con la salud humana y el medio ambiente.<\/p>\n<p>&nbsp;<\/p>\n<\/div>\n<\/div><\/div><\/div><\/div><\/div><div id=\"pg-41-4\"  class=\"panel-grid panel-no-style\" ><div id=\"pgc-41-4-0\"  class=\"panel-grid-cell\" ><div id=\"panel-41-4-0-0\" class=\"so-panel widget widget_sow-image panel-first-child panel-last-child\" data-index=\"7\" ><div\n\t\t\t\n\t\t\tclass=\"so-widget-sow-image so-widget-sow-image-default-8b5b6f678277-41\"\n\t\t\t\n\t\t>\n<div class=\"sow-image-container\">\n\t\t<img \n\tsrc=\"https:\/\/biofertilizantesperu.com\/site\/wp-content\/uploads\/2019\/08\/ws-fw-e1566911259951.jpg\" width=\"960\" height=\"950\" srcset=\"https:\/\/biofertilizantesperu.com\/site\/wp-content\/uploads\/2019\/08\/ws-fw-e1566911259951.jpg 960w, https:\/\/biofertilizantesperu.com\/site\/wp-content\/uploads\/2019\/08\/ws-fw-e1566911259951-300x297.jpg 300w, https:\/\/biofertilizantesperu.com\/site\/wp-content\/uploads\/2019\/08\/ws-fw-e1566911259951-768x760.jpg 768w\" sizes=\"(max-width: 960px) 100vw, 960px\" title=\"ws-fw\" alt=\"\" \t\tclass=\"so-widget-image\"\/>\n\t<\/div>\n\n<\/div><\/div><\/div><div id=\"pgc-41-4-1\"  class=\"panel-grid-cell\" ><div id=\"panel-41-4-1-0\" class=\"so-panel widget widget_sow-editor panel-first-child panel-last-child\" data-index=\"8\" ><div\n\t\t\t\n\t\t\tclass=\"so-widget-sow-editor so-widget-sow-editor-base\"\n\t\t\t\n\t\t><h3 class=\"widget-title\">VALORES<\/h3>\n<div class=\"siteorigin-widget-tinymce textwidget\">\n\t<ul>\n<li><strong>Respeto: <\/strong>A todas las personas y al medio ambiente.<\/li>\n<li><strong>Integridad: <\/strong>En nuestras acciones internas y externas que garanticen la idoneidad de la empresa.<\/li>\n<li><strong>Responsabilidad: <\/strong>Cumplir nuestros compromisos y bridar el mejor servicio.<\/li>\n<li><strong>Comunicaci\u00f3n: <\/strong>Clara y oportuna con absoluta transparencia.<\/li>\n<li><strong>Competitividad e innovaci\u00f3n: <\/strong>Priorizamos la investigaci\u00f3n y el desarrollo de tecnolog\u00eda.<\/li>\n<li><strong>Constancia y disciplina<\/strong>: Compromiso constante en la presentaci\u00f3n de nuestros productos y servicios.<\/li>\n<\/ul>\n<\/div>\n<\/div><\/div><\/div><\/div><div id=\"pg-41-5\"  class=\"panel-grid panel-has-style\" ><div class=\"siteorigin-panels-stretch panel-row-style panel-row-style-for-41-5\" data-stretch-type=\"full\" ><div id=\"pgc-41-5-0\"  class=\"panel-grid-cell panel-grid-cell-empty\" ><\/div><div id=\"pgc-41-5-1\"  class=\"panel-grid-cell\" ><div id=\"panel-41-5-1-0\" class=\"so-panel widget widget_sow-editor panel-first-child panel-last-child\" data-index=\"9\" ><div\n\t\t\t\n\t\t\tclass=\"so-widget-sow-editor so-widget-sow-editor-base\"\n\t\t\t\n\t\t><h3 class=\"widget-title\">CERTIFICACIONES<\/h3>\n<div class=\"siteorigin-widget-tinymce textwidget\">\n\t<p>Contamos con certificaci\u00f3n para el uso de nuestros productos en la agricultura Org\u00e1nica bajo los est\u00e1ndar:<\/p>\n<ul>\n<li>Control Union Certifications Standards on Inputs (based on EEC 834\/2007 and 889\/2008) para la Uni\u00f3n Europea<\/li>\n<li>Control Union Services Standards on Inputs (based on Japanese Agricultural Standards (JAS) para Jap\u00f3n<\/li>\n<li>Control Union Certifications Standards based on the NOP standards para U.S.A.<\/li>\n<li>Programa RTPO Input de Control Union Services (basado en los anexos 1 y 2 del Reglamento T\u00e9cnico para los Productos Org\u00e1nicos D.S. No. 044-2006-AG), incluyendo las regulaciones correctivas y\/o las Regulaciones de Inspecci\u00f3n de Control Union Services S.A.C. (CU).<\/li>\n<\/ul>\n<\/div>\n<\/div><\/div><\/div><\/div><\/div><\/div>","protected":false},"excerpt":{"rendered":"<p>ECOCAMPO REPRESENTACIONES S.A.C. Somos una empresa s\u00f3lida con amplia experiencia en la producci\u00f3n y comercializaci\u00f3n de insumos ecol\u00f3gicos de origen biol\u00f3gico para la agricultura y valorizaci\u00f3n de residuos, promoviendo y &#8230;<\/p>\n","protected":false},"author":1,"featured_media":0,"parent":0,"menu_order":0,"comment_status":"closed","ping_status":"closed","template":"","meta":{"footnotes":""},"class_list":["post-41","page","type-page","status-publish","hentry"],"yoast_head":"<!-- This site is optimized with the Yoast SEO plugin v25.7 - https:\/\/yoast.com\/wordpress\/plugins\/seo\/ -->\n<title>QUIENES SOMOS - Ecocampo Representaciones S.A.C.<\/title>\n<meta name=\"robots\" content=\"index, follow, max-snippet:-1, max-image-preview:large, max-video-preview:-1\" \/>\n<link rel=\"canonical\" href=\"https:\/\/biofertilizantesperu.com\/site\/quienes-somos\/\" \/>\n<meta property=\"og:locale\" content=\"es_ES\" \/>\n<meta property=\"og:type\" content=\"article\" \/>\n<meta property=\"og:title\" content=\"QUIENES SOMOS - Ecocampo Representaciones S.A.C.\" \/>\n<meta property=\"og:description\" content=\"ECOCAMPO REPRESENTACIONES S.A.C. Somos una empresa s\u00f3lida con amplia experiencia en la producci\u00f3n y comercializaci\u00f3n de insumos ecol\u00f3gicos de origen biol\u00f3gico para la agricultura y valorizaci\u00f3n de residuos, promoviendo y ...\" \/>\n<meta property=\"og:url\" content=\"https:\/\/biofertilizantesperu.com\/site\/quienes-somos\/\" \/>\n<meta property=\"og:site_name\" content=\"Ecocampo Representaciones S.A.C.\" \/>\n<meta property=\"article:modified_time\" content=\"2025-08-07T15:28:42+00:00\" \/>\n<meta name=\"twitter:card\" content=\"summary_large_image\" \/>\n<meta name=\"twitter:label1\" content=\"Tiempo de lectura\" \/>\n\t<meta name=\"twitter:data1\" content=\"3 minutos\" \/>\n<script type=\"application\/ld+json\" class=\"yoast-schema-graph\">{\"@context\":\"https:\/\/schema.org\",\"@graph\":[{\"@type\":\"WebPage\",\"@id\":\"https:\/\/biofertilizantesperu.com\/site\/quienes-somos\/\",\"url\":\"https:\/\/biofertilizantesperu.com\/site\/quienes-somos\/\",\"name\":\"QUIENES SOMOS - Ecocampo Representaciones S.A.C.\",\"isPartOf\":{\"@id\":\"https:\/\/biofertilizantesperu.com\/site\/#website\"},\"datePublished\":\"2019-08-27T13:00:45+00:00\",\"dateModified\":\"2025-08-07T15:28:42+00:00\",\"breadcrumb\":{\"@id\":\"https:\/\/biofertilizantesperu.com\/site\/quienes-somos\/#breadcrumb\"},\"inLanguage\":\"es\",\"potentialAction\":[{\"@type\":\"ReadAction\",\"target\":[\"https:\/\/biofertilizantesperu.com\/site\/quienes-somos\/\"]}]},{\"@type\":\"BreadcrumbList\",\"@id\":\"https:\/\/biofertilizantesperu.com\/site\/quienes-somos\/#breadcrumb\",\"itemListElement\":[{\"@type\":\"ListItem\",\"position\":1,\"name\":\"Portada\",\"item\":\"https:\/\/biofertilizantesperu.com\/site\/\"},{\"@type\":\"ListItem\",\"position\":2,\"name\":\"QUIENES SOMOS\"}]},{\"@type\":\"WebSite\",\"@id\":\"https:\/\/biofertilizantesperu.com\/site\/#website\",\"url\":\"https:\/\/biofertilizantesperu.com\/site\/\",\"name\":\"Ecocampo Representaciones S.A.C.\",\"description\":\"producci\u00f3n y comercializaci\u00f3n de insumos para el sector agr\u00edcola con certificaci\u00f3n org\u00e1nica\",\"publisher\":{\"@id\":\"https:\/\/biofertilizantesperu.com\/site\/#organization\"},\"potentialAction\":[{\"@type\":\"SearchAction\",\"target\":{\"@type\":\"EntryPoint\",\"urlTemplate\":\"https:\/\/biofertilizantesperu.com\/site\/?s={search_term_string}\"},\"query-input\":{\"@type\":\"PropertyValueSpecification\",\"valueRequired\":true,\"valueName\":\"search_term_string\"}}],\"inLanguage\":\"es\"},{\"@type\":\"Organization\",\"@id\":\"https:\/\/biofertilizantesperu.com\/site\/#organization\",\"name\":\"Ecocampo Representaciones S.A.C.\",\"url\":\"https:\/\/biofertilizantesperu.com\/site\/\",\"logo\":{\"@type\":\"ImageObject\",\"inLanguage\":\"es\",\"@id\":\"https:\/\/biofertilizantesperu.com\/site\/#\/schema\/logo\/image\/\",\"url\":\"https:\/\/biofertilizantesperu.com\/site\/wp-content\/uploads\/2023\/11\/BIOFERTILIZANTESPERU.jpg\",\"contentUrl\":\"https:\/\/biofertilizantesperu.com\/site\/wp-content\/uploads\/2023\/11\/BIOFERTILIZANTESPERU.jpg\",\"width\":717,\"height\":327,\"caption\":\"Ecocampo Representaciones S.A.C.\"},\"image\":{\"@id\":\"https:\/\/biofertilizantesperu.com\/site\/#\/schema\/logo\/image\/\"}}]}<\/script>\n<!-- \/ Yoast SEO plugin. -->","yoast_head_json":{"title":"QUIENES SOMOS - Ecocampo Representaciones S.A.C.","robots":{"index":"index","follow":"follow","max-snippet":"max-snippet:-1","max-image-preview":"max-image-preview:large","max-video-preview":"max-video-preview:-1"},"canonical":"https:\/\/biofertilizantesperu.com\/site\/quienes-somos\/","og_locale":"es_ES","og_type":"article","og_title":"QUIENES SOMOS - Ecocampo Representaciones S.A.C.","og_description":"ECOCAMPO REPRESENTACIONES S.A.C. Somos una empresa s\u00f3lida con amplia experiencia en la producci\u00f3n y comercializaci\u00f3n de insumos ecol\u00f3gicos de origen biol\u00f3gico para la agricultura y valorizaci\u00f3n de residuos, promoviendo y ...","og_url":"https:\/\/biofertilizantesperu.com\/site\/quienes-somos\/","og_site_name":"Ecocampo Representaciones S.A.C.","article_modified_time":"2025-08-07T15:28:42+00:00","twitter_card":"summary_large_image","twitter_misc":{"Tiempo de lectura":"3 minutos"},"schema":{"@context":"https:\/\/schema.org","@graph":[{"@type":"WebPage","@id":"https:\/\/biofertilizantesperu.com\/site\/quienes-somos\/","url":"https:\/\/biofertilizantesperu.com\/site\/quienes-somos\/","name":"QUIENES SOMOS - Ecocampo Representaciones S.A.C.","isPartOf":{"@id":"https:\/\/biofertilizantesperu.com\/site\/#website"},"datePublished":"2019-08-27T13:00:45+00:00","dateModified":"2025-08-07T15:28:42+00:00","breadcrumb":{"@id":"https:\/\/biofertilizantesperu.com\/site\/quienes-somos\/#breadcrumb"},"inLanguage":"es","potentialAction":[{"@type":"ReadAction","target":["https:\/\/biofertilizantesperu.com\/site\/quienes-somos\/"]}]},{"@type":"BreadcrumbList","@id":"https:\/\/biofertilizantesperu.com\/site\/quienes-somos\/#breadcrumb","itemListElement":[{"@type":"ListItem","position":1,"name":"Portada","item":"https:\/\/biofertilizantesperu.com\/site\/"},{"@type":"ListItem","position":2,"name":"QUIENES SOMOS"}]},{"@type":"WebSite","@id":"https:\/\/biofertilizantesperu.com\/site\/#website","url":"https:\/\/biofertilizantesperu.com\/site\/","name":"Ecocampo Representaciones S.A.C.","description":"producci\u00f3n y comercializaci\u00f3n de insumos para el sector agr\u00edcola con certificaci\u00f3n org\u00e1nica","publisher":{"@id":"https:\/\/biofertilizantesperu.com\/site\/#organization"},"potentialAction":[{"@type":"SearchAction","target":{"@type":"EntryPoint","urlTemplate":"https:\/\/biofertilizantesperu.com\/site\/?s={search_term_string}"},"query-input":{"@type":"PropertyValueSpecification","valueRequired":true,"valueName":"search_term_string"}}],"inLanguage":"es"},{"@type":"Organization","@id":"https:\/\/biofertilizantesperu.com\/site\/#organization","name":"Ecocampo Representaciones S.A.C.","url":"https:\/\/biofertilizantesperu.com\/site\/","logo":{"@type":"ImageObject","inLanguage":"es","@id":"https:\/\/biofertilizantesperu.com\/site\/#\/schema\/logo\/image\/","url":"https:\/\/biofertilizantesperu.com\/site\/wp-content\/uploads\/2023\/11\/BIOFERTILIZANTESPERU.jpg","contentUrl":"https:\/\/biofertilizantesperu.com\/site\/wp-content\/uploads\/2023\/11\/BIOFERTILIZANTESPERU.jpg","width":717,"height":327,"caption":"Ecocampo Representaciones S.A.C."},"image":{"@id":"https:\/\/biofertilizantesperu.com\/site\/#\/schema\/logo\/image\/"}}]}},"_links":{"self":[{"href":"https:\/\/biofertilizantesperu.com\/site\/wp-json\/wp\/v2\/pages\/41","targetHints":{"allow":["GET"]}}],"collection":[{"href":"https:\/\/biofertilizantesperu.com\/site\/wp-json\/wp\/v2\/pages"}],"about":[{"href":"https:\/\/biofertilizantesperu.com\/site\/wp-json\/wp\/v2\/types\/page"}],"author":[{"embeddable":true,"href":"https:\/\/biofertilizantesperu.com\/site\/wp-json\/wp\/v2\/users\/1"}],"replies":[{"embeddable":true,"href":"https:\/\/biofertilizantesperu.com\/site\/wp-json\/wp\/v2\/comments?post=41"}],"version-history":[{"count":63,"href":"https:\/\/biofertilizantesperu.com\/site\/wp-json\/wp\/v2\/pages\/41\/revisions"}],"predecessor-version":[{"id":1178,"href":"https:\/\/biofertilizantesperu.com\/site\/wp-json\/wp\/v2\/pages\/41\/revisions\/1178"}],"wp:attachment":[{"href":"https:\/\/biofertilizantesperu.com\/site\/wp-json\/wp\/v2\/media?parent=41"}],"curies":[{"name":"wp","href":"https:\/\/api.w.org\/{rel}","templated":true}]}}