{"id":15,"date":"2019-08-21T20:22:28","date_gmt":"2019-08-21T18:22:28","guid":{"rendered":"http:\/\/biofertilizantesperu.com\/site\/?page_id=15"},"modified":"2023-11-14T20:21:29","modified_gmt":"2023-11-14T19:21:29","slug":"inicio","status":"publish","type":"page","link":"https:\/\/biofertilizantesperu.com\/site\/","title":{"rendered":"INICIO"},"content":{"rendered":"<div id=\"pl-15\"  class=\"panel-layout\" ><div id=\"pg-15-0\"  class=\"panel-grid panel-has-style\" ><div class=\"siteorigin-panels-stretch panel-row-style panel-row-style-for-15-0\" data-stretch-type=\"full-stretched\" ><div id=\"pgc-15-0-0\"  class=\"panel-grid-cell\" ><div id=\"panel-15-0-0-0\" class=\"so-panel widget widget_sow-hero panel-first-child panel-last-child\" data-index=\"0\" ><div\n\t\t\t\n\t\t\tclass=\"so-widget-sow-hero so-widget-sow-hero-default-6855896ecdb1-15 so-widget-fittext-wrapper\"\n\t\t\t data-fit-text-compressor=\"0.9\"\n\t\t>\t\t\t\t<div class=\"sow-slider-base\" style=\"display: none\" tabindex=\"0\">\n\t\t\t\t\t<ul\n\t\t\t\t\tclass=\"sow-slider-images\"\n\t\t\t\t\tdata-settings=\"{&quot;pagination&quot;:true,&quot;speed&quot;:800,&quot;timeout&quot;:8000,&quot;paused&quot;:false,&quot;pause_on_hover&quot;:false,&quot;swipe&quot;:true,&quot;nav_always_show_desktop&quot;:&quot;&quot;,&quot;nav_always_show_mobile&quot;:&quot;&quot;,&quot;breakpoint&quot;:&quot;780px&quot;,&quot;unmute&quot;:false,&quot;anchor&quot;:null}\"\n\t\t\t\t\tstyle=\"min-height: 500px\"\t\t\t\t\tdata-anchor-id=\"\"\n\t\t\t\t>\t\t<li class=\"sow-slider-image  sow-slider-image-cover\" style=\"visibility: visible;;background-color: #333333\" >\n\t\t\t\t\t<div class=\"sow-slider-image-container\">\n\t\t\t<div class=\"sow-slider-image-wrapper\">\n\t\t\t\t<h1 style=\"text-align: center\">ACTIVAMOS EL VIGOR Y LA PRODUCCI\u00d3N DE TUS CULTIVOS BAJO CONDICIONES ADVERSAS, JUNTOS COSECHAMOS VICTORIAS<\/h1>\n\t\t\t<\/div>\n\t\t<\/div>\n\t\t<div class=\"sow-slider-image-overlay sow-slider-image-cover\" style=\"opacity: 0.75;background-image: url(https:\/\/biofertilizantesperu.com\/site\/wp-content\/uploads\/2019\/08\/ws-fw-e1566911259951.jpg)\"  ><\/div>\t\t<\/li>\n\t\t\t\t<li class=\"sow-slider-image  sow-slider-image-cover\" style=\"visibility: hidden;;background-color: #333333\" >\n\t\t\t\t\t<div class=\"sow-slider-image-container\">\n\t\t\t<div class=\"sow-slider-image-wrapper\">\n\t\t\t\t<h1 style=\"text-align: center\">PRODUCTOS DE CALIDAD, ALTAMENTE ASIMILABLES PARA PLANTAS<\/h1>\n\t\t\t<\/div>\n\t\t<\/div>\n\t\t<div class=\"sow-slider-image-overlay sow-slider-image-cover\" style=\"opacity: 0.75\" data-background=\"url(https:\/\/biofertilizantesperu.com\/site\/wp-content\/uploads\/2019\/08\/21.jpg)\"  ><\/div>\t\t<\/li>\n\t\t\t\t<li class=\"sow-slider-image  sow-slider-image-cover\" style=\"visibility: hidden;;background-color: #333333\" data-background=\"url(https:\/\/biofertilizantesperu.com\/site\/wp-content\/uploads\/2019\/08\/9.jpg)\" >\n\t\t\t\t\t<div class=\"sow-slider-image-container\">\n\t\t\t<div class=\"sow-slider-image-wrapper\">\n\t\t\t\t<h1 style=\"text-align: center\">COSECHAS DE MAYOR CALIDAD, RENDIMIENTO Y LIBRES DE RESIDUOS T\u00d3XICOS EN ARMON\u00cdA CON EL MEDIO AMBIENTE<\/h1>\n\t\t\t<\/div>\n\t\t<\/div>\n\t\t\t\t<\/li>\n\t\t<\/ul>\t\t\t\t<ol class=\"sow-slider-pagination\">\n\t\t\t\t\t\t\t\t\t\t\t<li><a href=\"#\" data-goto=\"0\" aria-label=\"mostrar diapositiva 1\"><\/a><\/li>\n\t\t\t\t\t\t\t\t\t\t\t<li><a href=\"#\" data-goto=\"1\" aria-label=\"mostrar diapositiva 2\"><\/a><\/li>\n\t\t\t\t\t\t\t\t\t\t\t<li><a href=\"#\" data-goto=\"2\" aria-label=\"mostrar diapositiva 3\"><\/a><\/li>\n\t\t\t\t\t\t\t\t\t<\/ol>\n\n\t\t\t\t<div class=\"sow-slide-nav sow-slide-nav-next\">\n\t\t\t\t\t<a href=\"#\" data-goto=\"next\" aria-label=\"diapositiva siguiente\" data-action=\"next\">\n\t\t\t\t\t\t<em class=\"sow-sld-icon-thin-right\"><\/em>\n\t\t\t\t\t<\/a>\n\t\t\t\t<\/div>\n\n\t\t\t\t<div class=\"sow-slide-nav sow-slide-nav-prev\">\n\t\t\t\t\t<a href=\"#\" data-goto=\"previous\" aria-label=\"diapositiva anterior\" data-action=\"prev\">\n\t\t\t\t\t\t<em class=\"sow-sld-icon-thin-left\"><\/em>\n\t\t\t\t\t<\/a>\n\t\t\t\t<\/div>\n\t\t\t\t<\/div><\/div><\/div><\/div><\/div><\/div><div id=\"pg-15-1\"  class=\"panel-grid panel-no-style\" ><div id=\"pgc-15-1-0\"  class=\"panel-grid-cell\" ><div id=\"panel-15-1-0-0\" class=\"so-panel widget widget_sow-editor panel-first-child panel-last-child\" data-index=\"1\" ><div\n\t\t\t\n\t\t\tclass=\"so-widget-sow-editor so-widget-sow-editor-base\"\n\t\t\t\n\t\t>\n<div class=\"siteorigin-widget-tinymce textwidget\">\n\t<h2 style=\"text-align: center;\">Somos ECOCAMPO REPRESENTACIONES S.A.C. una empresa s\u00f3lida con amplia experiencia en la producci\u00f3n y comercializaci\u00f3n de insumos para el sector agr\u00edcola con certificaci\u00f3n org\u00e1nica.<\/h2>\n<\/div>\n<\/div><\/div><\/div><\/div><div id=\"pg-15-2\"  class=\"panel-grid panel-has-style\" ><div class=\"siteorigin-panels-stretch panel-row-style panel-row-style-for-15-2\" data-stretch-type=\"full\" ><div id=\"pgc-15-2-0\"  class=\"panel-grid-cell\" ><div id=\"panel-15-2-0-0\" class=\"so-panel widget widget_sow-image panel-first-child panel-last-child\" data-index=\"2\" ><div\n\t\t\t\n\t\t\tclass=\"so-widget-sow-image so-widget-sow-image-default-8b5b6f678277-15\"\n\t\t\t\n\t\t>\n<div class=\"sow-image-container\">\n\t\t<img \n\tsrc=\"https:\/\/biofertilizantesperu.com\/site\/wp-content\/uploads\/2023\/11\/2.png\" width=\"600\" height=\"338\" srcset=\"https:\/\/biofertilizantesperu.com\/site\/wp-content\/uploads\/2023\/11\/2.png 600w, https:\/\/biofertilizantesperu.com\/site\/wp-content\/uploads\/2023\/11\/2-300x169.png 300w\" sizes=\"(max-width: 600px) 100vw, 600px\" alt=\"\" \t\tclass=\"so-widget-image\"\/>\n\t<\/div>\n\n<\/div><\/div><\/div><div id=\"pgc-15-2-1\"  class=\"panel-grid-cell\" ><div id=\"panel-15-2-1-0\" class=\"so-panel widget widget_sow-editor panel-first-child panel-last-child\" data-index=\"3\" ><div\n\t\t\t\n\t\t\tclass=\"so-widget-sow-editor so-widget-sow-editor-base\"\n\t\t\t\n\t\t>\n<div class=\"siteorigin-widget-tinymce textwidget\">\n\t<p><span style=\"color: #008000;\"><strong>LINEA AGRICULTURA<\/strong><\/span><\/p>\n<p>Productos desarrollados con biotecnolog\u00eda limpia, certificados para el uso en agricultura org\u00e1nica, por sus costos competitivos son empleados en cultivos para exportaci\u00f3n o consumo local como frutales, hortalizas,\u00a0 industriales, forestales y ornamentales sin dejar residuos t\u00f3xicos, favoreciendo la aceptaci\u00f3n en el\u00a0 mercado de sus cosechas, mejores rendimientos y adaptaci\u00f3n del cultivo a condiciones adversas.<\/p>\n<\/div>\n<\/div><\/div><\/div><\/div><\/div><div id=\"pg-15-3\"  class=\"panel-grid panel-has-style\" ><div class=\"siteorigin-panels-stretch panel-row-style panel-row-style-for-15-3\" data-stretch-type=\"full\" ><div id=\"pgc-15-3-0\"  class=\"panel-grid-cell\" ><div id=\"panel-15-3-0-0\" class=\"so-panel widget widget_sow-image panel-first-child panel-last-child\" data-index=\"4\" ><div\n\t\t\t\n\t\t\tclass=\"so-widget-sow-image so-widget-sow-image-default-8b5b6f678277-15\"\n\t\t\t\n\t\t>\n<div class=\"sow-image-container\">\n\t\t<img \n\tsrc=\"https:\/\/biofertilizantesperu.com\/site\/wp-content\/uploads\/2023\/11\/1.png\" width=\"600\" height=\"338\" srcset=\"https:\/\/biofertilizantesperu.com\/site\/wp-content\/uploads\/2023\/11\/1.png 600w, https:\/\/biofertilizantesperu.com\/site\/wp-content\/uploads\/2023\/11\/1-300x169.png 300w\" sizes=\"(max-width: 600px) 100vw, 600px\" alt=\"\" \t\tclass=\"so-widget-image\"\/>\n\t<\/div>\n\n<\/div><\/div><\/div><div id=\"pgc-15-3-1\"  class=\"panel-grid-cell\" ><div id=\"panel-15-3-1-0\" class=\"so-panel widget widget_sow-editor panel-first-child panel-last-child\" data-index=\"5\" ><div\n\t\t\t\n\t\t\tclass=\"so-widget-sow-editor so-widget-sow-editor-base\"\n\t\t\t\n\t\t>\n<div class=\"siteorigin-widget-tinymce textwidget\">\n\t<p><strong><span style=\"color: #008000;\">LINEA BIOHUERTOS Y JARDINES<\/span><br \/>\n<\/strong><\/p>\n<p>Pensando en la sostenibilidad de las ciudades desarrollamos con biotecnolog\u00eda limpia, productos certificados para el uso en agricultura org\u00e1nica, agroecolog\u00eda, biohuertos, \u00e1reas verdes y jardines para obtener alimentos y espacios que \u00a0incrementen la seguridad alimentaria y crear un medioambiente m\u00e1s saludable para todos.<\/p>\n<\/div>\n<\/div><\/div><\/div><\/div><\/div><\/div>","protected":false},"excerpt":{"rendered":"<p>Somos ECOCAMPO REPRESENTACIONES S.A.C. una empresa s\u00f3lida con amplia experiencia en la producci\u00f3n y comercializaci\u00f3n de insumos para el sector agr\u00edcola con certificaci\u00f3n org\u00e1nica.<\/p>\n","protected":false},"author":1,"featured_media":0,"parent":0,"menu_order":0,"comment_status":"closed","ping_status":"closed","template":"","meta":{"footnotes":""},"class_list":["post-15","page","type-page","status-publish","hentry"],"yoast_head":"<!-- This site is optimized with the Yoast SEO plugin v25.7 - https:\/\/yoast.com\/wordpress\/plugins\/seo\/ -->\n<title>INICIO - Ecocampo Representaciones S.A.C. AMINOVIGOR PREMIUM<\/title>\n<meta name=\"description\" content=\"AMINOVIGOR PREMIUM,TERRAVIDA, TERRANUT, NUTRYOIL, LACTOFULL, FERTIPROTEC, ECOVIDA LACTODEFENSE, ECOCAPSI, CALCIOFRUT, BIOPROTEC, AMINO FULL.\" \/>\n<meta name=\"robots\" content=\"index, follow, max-snippet:-1, max-image-preview:large, max-video-preview:-1\" \/>\n<link rel=\"canonical\" href=\"https:\/\/biofertilizantesperu.com\/site\/\" \/>\n<meta property=\"og:locale\" content=\"es_ES\" \/>\n<meta property=\"og:type\" content=\"article\" \/>\n<meta property=\"og:title\" content=\"Ecocampo Representaciones S.A.C.\" \/>\n<meta property=\"og:description\" content=\"Somos una empresa s\u00f3lida con amplia experiencia en la producci\u00f3n y comercializaci\u00f3n de insumos para el sector agr\u00edcola con certificaci\u00f3n org\u00e1nica.\" \/>\n<meta property=\"og:url\" content=\"https:\/\/biofertilizantesperu.com\/site\/\" \/>\n<meta property=\"og:site_name\" content=\"Ecocampo Representaciones S.A.C.\" \/>\n<meta property=\"article:modified_time\" content=\"2023-11-14T19:21:29+00:00\" \/>\n<meta name=\"twitter:card\" content=\"summary_large_image\" \/>\n<meta name=\"twitter:label1\" content=\"Tiempo de lectura\" \/>\n\t<meta name=\"twitter:data1\" content=\"1 minuto\" \/>\n<script type=\"application\/ld+json\" class=\"yoast-schema-graph\">{\"@context\":\"https:\/\/schema.org\",\"@graph\":[{\"@type\":\"WebPage\",\"@id\":\"https:\/\/biofertilizantesperu.com\/site\/\",\"url\":\"https:\/\/biofertilizantesperu.com\/site\/\",\"name\":\"INICIO - Ecocampo Representaciones S.A.C. AMINOVIGOR PREMIUM\",\"isPartOf\":{\"@id\":\"https:\/\/biofertilizantesperu.com\/site\/#website\"},\"datePublished\":\"2019-08-21T18:22:28+00:00\",\"dateModified\":\"2023-11-14T19:21:29+00:00\",\"description\":\"AMINOVIGOR PREMIUM,TERRAVIDA, TERRANUT, NUTRYOIL, LACTOFULL, FERTIPROTEC, ECOVIDA LACTODEFENSE, ECOCAPSI, CALCIOFRUT, BIOPROTEC, AMINO FULL.\",\"breadcrumb\":{\"@id\":\"https:\/\/biofertilizantesperu.com\/site\/#breadcrumb\"},\"inLanguage\":\"es\",\"potentialAction\":[{\"@type\":\"ReadAction\",\"target\":[\"https:\/\/biofertilizantesperu.com\/site\/\"]}]},{\"@type\":\"BreadcrumbList\",\"@id\":\"https:\/\/biofertilizantesperu.com\/site\/#breadcrumb\",\"itemListElement\":[{\"@type\":\"ListItem\",\"position\":1,\"name\":\"Portada\",\"item\":\"https:\/\/biofertilizantesperu.com\/site\/\"},{\"@type\":\"ListItem\",\"position\":2,\"name\":\"INICIO\"}]},{\"@type\":\"WebSite\",\"@id\":\"https:\/\/biofertilizantesperu.com\/site\/#website\",\"url\":\"https:\/\/biofertilizantesperu.com\/site\/\",\"name\":\"Ecocampo Representaciones S.A.C.\",\"description\":\"producci\u00f3n y comercializaci\u00f3n de insumos para el sector agr\u00edcola con certificaci\u00f3n org\u00e1nica\",\"publisher\":{\"@id\":\"https:\/\/biofertilizantesperu.com\/site\/#organization\"},\"potentialAction\":[{\"@type\":\"SearchAction\",\"target\":{\"@type\":\"EntryPoint\",\"urlTemplate\":\"https:\/\/biofertilizantesperu.com\/site\/?s={search_term_string}\"},\"query-input\":{\"@type\":\"PropertyValueSpecification\",\"valueRequired\":true,\"valueName\":\"search_term_string\"}}],\"inLanguage\":\"es\"},{\"@type\":\"Organization\",\"@id\":\"https:\/\/biofertilizantesperu.com\/site\/#organization\",\"name\":\"Ecocampo Representaciones S.A.C.\",\"url\":\"https:\/\/biofertilizantesperu.com\/site\/\",\"logo\":{\"@type\":\"ImageObject\",\"inLanguage\":\"es\",\"@id\":\"https:\/\/biofertilizantesperu.com\/site\/#\/schema\/logo\/image\/\",\"url\":\"https:\/\/biofertilizantesperu.com\/site\/wp-content\/uploads\/2023\/11\/BIOFERTILIZANTESPERU.jpg\",\"contentUrl\":\"https:\/\/biofertilizantesperu.com\/site\/wp-content\/uploads\/2023\/11\/BIOFERTILIZANTESPERU.jpg\",\"width\":717,\"height\":327,\"caption\":\"Ecocampo Representaciones S.A.C.\"},\"image\":{\"@id\":\"https:\/\/biofertilizantesperu.com\/site\/#\/schema\/logo\/image\/\"}}]}<\/script>\n<!-- \/ Yoast SEO plugin. -->","yoast_head_json":{"title":"INICIO - Ecocampo Representaciones S.A.C. AMINOVIGOR PREMIUM","description":"AMINOVIGOR PREMIUM,TERRAVIDA, TERRANUT, NUTRYOIL, LACTOFULL, FERTIPROTEC, ECOVIDA LACTODEFENSE, ECOCAPSI, CALCIOFRUT, BIOPROTEC, AMINO FULL.","robots":{"index":"index","follow":"follow","max-snippet":"max-snippet:-1","max-image-preview":"max-image-preview:large","max-video-preview":"max-video-preview:-1"},"canonical":"https:\/\/biofertilizantesperu.com\/site\/","og_locale":"es_ES","og_type":"article","og_title":"Ecocampo Representaciones S.A.C.","og_description":"Somos una empresa s\u00f3lida con amplia experiencia en la producci\u00f3n y comercializaci\u00f3n de insumos para el sector agr\u00edcola con certificaci\u00f3n org\u00e1nica.","og_url":"https:\/\/biofertilizantesperu.com\/site\/","og_site_name":"Ecocampo Representaciones S.A.C.","article_modified_time":"2023-11-14T19:21:29+00:00","twitter_card":"summary_large_image","twitter_misc":{"Tiempo de lectura":"1 minuto"},"schema":{"@context":"https:\/\/schema.org","@graph":[{"@type":"WebPage","@id":"https:\/\/biofertilizantesperu.com\/site\/","url":"https:\/\/biofertilizantesperu.com\/site\/","name":"INICIO - Ecocampo Representaciones S.A.C. AMINOVIGOR PREMIUM","isPartOf":{"@id":"https:\/\/biofertilizantesperu.com\/site\/#website"},"datePublished":"2019-08-21T18:22:28+00:00","dateModified":"2023-11-14T19:21:29+00:00","description":"AMINOVIGOR PREMIUM,TERRAVIDA, TERRANUT, NUTRYOIL, LACTOFULL, FERTIPROTEC, ECOVIDA LACTODEFENSE, ECOCAPSI, CALCIOFRUT, BIOPROTEC, AMINO FULL.","breadcrumb":{"@id":"https:\/\/biofertilizantesperu.com\/site\/#breadcrumb"},"inLanguage":"es","potentialAction":[{"@type":"ReadAction","target":["https:\/\/biofertilizantesperu.com\/site\/"]}]},{"@type":"BreadcrumbList","@id":"https:\/\/biofertilizantesperu.com\/site\/#breadcrumb","itemListElement":[{"@type":"ListItem","position":1,"name":"Portada","item":"https:\/\/biofertilizantesperu.com\/site\/"},{"@type":"ListItem","position":2,"name":"INICIO"}]},{"@type":"WebSite","@id":"https:\/\/biofertilizantesperu.com\/site\/#website","url":"https:\/\/biofertilizantesperu.com\/site\/","name":"Ecocampo Representaciones S.A.C.","description":"producci\u00f3n y comercializaci\u00f3n de insumos para el sector agr\u00edcola con certificaci\u00f3n org\u00e1nica","publisher":{"@id":"https:\/\/biofertilizantesperu.com\/site\/#organization"},"potentialAction":[{"@type":"SearchAction","target":{"@type":"EntryPoint","urlTemplate":"https:\/\/biofertilizantesperu.com\/site\/?s={search_term_string}"},"query-input":{"@type":"PropertyValueSpecification","valueRequired":true,"valueName":"search_term_string"}}],"inLanguage":"es"},{"@type":"Organization","@id":"https:\/\/biofertilizantesperu.com\/site\/#organization","name":"Ecocampo Representaciones S.A.C.","url":"https:\/\/biofertilizantesperu.com\/site\/","logo":{"@type":"ImageObject","inLanguage":"es","@id":"https:\/\/biofertilizantesperu.com\/site\/#\/schema\/logo\/image\/","url":"https:\/\/biofertilizantesperu.com\/site\/wp-content\/uploads\/2023\/11\/BIOFERTILIZANTESPERU.jpg","contentUrl":"https:\/\/biofertilizantesperu.com\/site\/wp-content\/uploads\/2023\/11\/BIOFERTILIZANTESPERU.jpg","width":717,"height":327,"caption":"Ecocampo Representaciones S.A.C."},"image":{"@id":"https:\/\/biofertilizantesperu.com\/site\/#\/schema\/logo\/image\/"}}]}},"_links":{"self":[{"href":"https:\/\/biofertilizantesperu.com\/site\/wp-json\/wp\/v2\/pages\/15","targetHints":{"allow":["GET"]}}],"collection":[{"href":"https:\/\/biofertilizantesperu.com\/site\/wp-json\/wp\/v2\/pages"}],"about":[{"href":"https:\/\/biofertilizantesperu.com\/site\/wp-json\/wp\/v2\/types\/page"}],"author":[{"embeddable":true,"href":"https:\/\/biofertilizantesperu.com\/site\/wp-json\/wp\/v2\/users\/1"}],"replies":[{"embeddable":true,"href":"https:\/\/biofertilizantesperu.com\/site\/wp-json\/wp\/v2\/comments?post=15"}],"version-history":[{"count":126,"href":"https:\/\/biofertilizantesperu.com\/site\/wp-json\/wp\/v2\/pages\/15\/revisions"}],"predecessor-version":[{"id":805,"href":"https:\/\/biofertilizantesperu.com\/site\/wp-json\/wp\/v2\/pages\/15\/revisions\/805"}],"wp:attachment":[{"href":"https:\/\/biofertilizantesperu.com\/site\/wp-json\/wp\/v2\/media?parent=15"}],"curies":[{"name":"wp","href":"https:\/\/api.w.org\/{rel}","templated":true}]}}